{"id":8525,"date":"2025-09-04T19:06:09","date_gmt":"2025-09-04T19:06:09","guid":{"rendered":"https:\/\/hotforgedbolt.com\/aerospace-industry\/"},"modified":"2025-09-14T12:37:38","modified_gmt":"2025-09-14T12:37:38","slug":"aerospace-industry","status":"publish","type":"page","link":"https:\/\/hotforgedbolt.com\/de\/industrien\/aerospace-industry\/","title":{"rendered":"Luft-Und Raumfahrt-Industrie"},"content":{"rendered":"\t\t<div data-elementor-type=\"wp-page\" data-elementor-id=\"8525\" class=\"elementor elementor-8525 elementor-7616\" data-elementor-post-type=\"page\">\n\t\t\t\t<div class=\"elementor-element elementor-element-1510acb e-con-full e-flex e-con e-parent\" data-id=\"1510acb\" data-element_type=\"container\" data-e-type=\"container\" data-settings=\"{&quot;background_background&quot;:&quot;classic&quot;,&quot;background_motion_fx_motion_fx_mouse&quot;:&quot;yes&quot;}\">\n\t\t\t\t<div class=\"elementor-element elementor-element-08bec9d elementor-widget elementor-widget-heading\" data-id=\"08bec9d\" data-element_type=\"widget\" data-e-type=\"widget\" data-widget_type=\"heading.default\">\n\t\t\t\t<div class=\"elementor-widget-container\">\n\t\t\t\t\t<h2 class=\"elementor-heading-title elementor-size-default\">Aerospace Industry<\/h2>\t\t\t\t<\/div>\n\t\t\t\t<\/div>\n\t\t\t\t<\/div>\n\t\t<div class=\"elementor-element elementor-element-82c0857 e-flex e-con-boxed e-con e-parent\" data-id=\"82c0857\" data-element_type=\"container\" data-e-type=\"container\">\n\t\t\t\t\t<div class=\"e-con-inner\">\n\t\t<div class=\"elementor-element elementor-element-42ec9ea e-con-full e-flex e-con e-child\" data-id=\"42ec9ea\" data-element_type=\"container\" data-e-type=\"container\">\n\t\t<div class=\"elementor-element elementor-element-8254052 e-con-full e-flex e-con e-child\" data-id=\"8254052\" data-element_type=\"container\" data-e-type=\"container\" data-settings=\"{&quot;background_background&quot;:&quot;classic&quot;}\">\n\t\t\t\t<div class=\"elementor-element elementor-element-ee2df0f elementor-widget elementor-widget-heading\" data-id=\"ee2df0f\" data-element_type=\"widget\" data-e-type=\"widget\" data-widget_type=\"heading.default\">\n\t\t\t\t<div class=\"elementor-widget-container\">\n\t\t\t\t\t<h2 class=\"elementor-heading-title elementor-size-default\">Industrien<\/h2>\t\t\t\t<\/div>\n\t\t\t\t<\/div>\n\t\t<div class=\"elementor-element elementor-element-d4c897a e-con-full e-flex e-con e-child\" data-id=\"d4c897a\" data-element_type=\"container\" data-e-type=\"container\">\n\t\t\t\t<div class=\"elementor-element elementor-element-c9412cd elementor-align-justify elementor-widget elementor-widget-button\" data-id=\"c9412cd\" data-element_type=\"widget\" data-e-type=\"widget\" data-widget_type=\"button.default\">\n\t\t\t\t<div class=\"elementor-widget-container\">\n\t\t\t\t\t\t\t\t\t<div class=\"elementor-button-wrapper\">\n\t\t\t\t\t<a class=\"elementor-button elementor-button-link elementor-size-sm\" href=\"https:\/\/hotforgedbolt.com\/automobilindustrie\/\">\n\t\t\t\t\t\t<span class=\"elementor-button-content-wrapper\">\n\t\t\t\t\t\t<span class=\"elementor-button-icon\">\n\t\t\t\t<svg aria-hidden=\"true\" class=\"e-font-icon-svg e-fas-chevron-right\" viewBox=\"0 0 320 512\" xmlns=\"http:\/\/www.w3.org\/2000\/svg\"><path d=\"M285.476 272.971L91.132 467.314c-9.373 9.373-24.569 9.373-33.941 0l-22.667-22.667c-9.357-9.357-9.375-24.522-.04-33.901L188.505 256 34.484 101.255c-9.335-9.379-9.317-24.544.04-33.901l22.667-22.667c9.373-9.373 24.569-9.373 33.941 0L285.475 239.03c9.373 9.372 9.373 24.568.001 33.941z\"><\/path><\/svg>\t\t\t<\/span>\n\t\t\t\t\t\t\t\t\t<span class=\"elementor-button-text\">Automobilindustrie<\/span>\n\t\t\t\t\t<\/span>\n\t\t\t\t\t<\/a>\n\t\t\t\t<\/div>\n\t\t\t\t\t\t\t\t<\/div>\n\t\t\t\t<\/div>\n\t\t\t\t<div class=\"elementor-element elementor-element-633db99 elementor-align-justify elementor-widget elementor-widget-button\" data-id=\"633db99\" data-element_type=\"widget\" data-e-type=\"widget\" data-widget_type=\"button.default\">\n\t\t\t\t<div class=\"elementor-widget-container\">\n\t\t\t\t\t\t\t\t\t<div class=\"elementor-button-wrapper\">\n\t\t\t\t\t<a class=\"elementor-button elementor-button-link elementor-size-sm\" href=\"https:\/\/hotforgedbolt.com\/energie-sektor\/\">\n\t\t\t\t\t\t<span class=\"elementor-button-content-wrapper\">\n\t\t\t\t\t\t<span class=\"elementor-button-icon\">\n\t\t\t\t<svg aria-hidden=\"true\" class=\"e-font-icon-svg e-fas-chevron-right\" viewBox=\"0 0 320 512\" xmlns=\"http:\/\/www.w3.org\/2000\/svg\"><path d=\"M285.476 272.971L91.132 467.314c-9.373 9.373-24.569 9.373-33.941 0l-22.667-22.667c-9.357-9.357-9.375-24.522-.04-33.901L188.505 256 34.484 101.255c-9.335-9.379-9.317-24.544.04-33.901l22.667-22.667c9.373-9.373 24.569-9.373 33.941 0L285.475 239.03c9.373 9.372 9.373 24.568.001 33.941z\"><\/path><\/svg>\t\t\t<\/span>\n\t\t\t\t\t\t\t\t\t<span class=\"elementor-button-text\">Energie Sektor<\/span>\n\t\t\t\t\t<\/span>\n\t\t\t\t\t<\/a>\n\t\t\t\t<\/div>\n\t\t\t\t\t\t\t\t<\/div>\n\t\t\t\t<\/div>\n\t\t\t\t<div class=\"elementor-element elementor-element-35d15bc elementor-align-justify elementor-widget elementor-widget-button\" data-id=\"35d15bc\" data-element_type=\"widget\" data-e-type=\"widget\" data-widget_type=\"button.default\">\n\t\t\t\t<div class=\"elementor-widget-container\">\n\t\t\t\t\t\t\t\t\t<div class=\"elementor-button-wrapper\">\n\t\t\t\t\t<a class=\"elementor-button elementor-button-link elementor-size-sm\" href=\"https:\/\/hotforgedbolt.com\/ol-und-gas-industryie\">\n\t\t\t\t\t\t<span class=\"elementor-button-content-wrapper\">\n\t\t\t\t\t\t<span class=\"elementor-button-icon\">\n\t\t\t\t<svg aria-hidden=\"true\" class=\"e-font-icon-svg e-fas-chevron-right\" viewBox=\"0 0 320 512\" xmlns=\"http:\/\/www.w3.org\/2000\/svg\"><path d=\"M285.476 272.971L91.132 467.314c-9.373 9.373-24.569 9.373-33.941 0l-22.667-22.667c-9.357-9.357-9.375-24.522-.04-33.901L188.505 256 34.484 101.255c-9.335-9.379-9.317-24.544.04-33.901l22.667-22.667c9.373-9.373 24.569-9.373 33.941 0L285.475 239.03c9.373 9.372 9.373 24.568.001 33.941z\"><\/path><\/svg>\t\t\t<\/span>\n\t\t\t\t\t\t\t\t\t<span class=\"elementor-button-text\">\u00d6l-und Gas-Industrie<\/span>\n\t\t\t\t\t<\/span>\n\t\t\t\t\t<\/a>\n\t\t\t\t<\/div>\n\t\t\t\t\t\t\t\t<\/div>\n\t\t\t\t<\/div>\n\t\t\t\t<div class=\"elementor-element elementor-element-2bcd207 elementor-align-justify elementor-widget elementor-widget-button\" data-id=\"2bcd207\" data-element_type=\"widget\" data-e-type=\"widget\" data-widget_type=\"button.default\">\n\t\t\t\t<div class=\"elementor-widget-container\">\n\t\t\t\t\t\t\t\t\t<div class=\"elementor-button-wrapper\">\n\t\t\t\t\t<a class=\"elementor-button elementor-button-link elementor-size-sm\" href=\"https:\/\/hotforgedbolt.com\/schwere%20maschinen%20und%20bau\/\">\n\t\t\t\t\t\t<span class=\"elementor-button-content-wrapper\">\n\t\t\t\t\t\t<span class=\"elementor-button-icon\">\n\t\t\t\t<svg aria-hidden=\"true\" class=\"e-font-icon-svg e-fas-chevron-right\" viewBox=\"0 0 320 512\" xmlns=\"http:\/\/www.w3.org\/2000\/svg\"><path d=\"M285.476 272.971L91.132 467.314c-9.373 9.373-24.569 9.373-33.941 0l-22.667-22.667c-9.357-9.357-9.375-24.522-.04-33.901L188.505 256 34.484 101.255c-9.335-9.379-9.317-24.544.04-33.901l22.667-22.667c9.373-9.373 24.569-9.373 33.941 0L285.475 239.03c9.373 9.372 9.373 24.568.001 33.941z\"><\/path><\/svg>\t\t\t<\/span>\n\t\t\t\t\t\t\t\t\t<span class=\"elementor-button-text\">Schwere Maschinen und Bau<\/span>\n\t\t\t\t\t<\/span>\n\t\t\t\t\t<\/a>\n\t\t\t\t<\/div>\n\t\t\t\t\t\t\t\t<\/div>\n\t\t\t\t<\/div>\n\t\t\t\t<div class=\"elementor-element elementor-element-65d481f elementor-align-justify elementor-widget elementor-widget-button\" data-id=\"65d481f\" data-element_type=\"widget\" data-e-type=\"widget\" data-widget_type=\"button.default\">\n\t\t\t\t<div class=\"elementor-widget-container\">\n\t\t\t\t\t\t\t\t\t<div class=\"elementor-button-wrapper\">\n\t\t\t\t\t<a class=\"elementor-button elementor-button-link elementor-size-sm\" href=\"https:\/\/hotforgedbolt.com\/luft-und%20raumfahrt\/\">\n\t\t\t\t\t\t<span class=\"elementor-button-content-wrapper\">\n\t\t\t\t\t\t<span class=\"elementor-button-icon\">\n\t\t\t\t<svg aria-hidden=\"true\" class=\"e-font-icon-svg e-fas-chevron-right\" viewBox=\"0 0 320 512\" xmlns=\"http:\/\/www.w3.org\/2000\/svg\"><path d=\"M285.476 272.971L91.132 467.314c-9.373 9.373-24.569 9.373-33.941 0l-22.667-22.667c-9.357-9.357-9.375-24.522-.04-33.901L188.505 256 34.484 101.255c-9.335-9.379-9.317-24.544.04-33.901l22.667-22.667c9.373-9.373 24.569-9.373 33.941 0L285.475 239.03c9.373 9.372 9.373 24.568.001 33.941z\"><\/path><\/svg>\t\t\t<\/span>\n\t\t\t\t\t\t\t\t\t<span class=\"elementor-button-text\">Luft-Und Raumfahrt-Industrie<\/span>\n\t\t\t\t\t<\/span>\n\t\t\t\t\t<\/a>\n\t\t\t\t<\/div>\n\t\t\t\t\t\t\t\t<\/div>\n\t\t\t\t<\/div>\n\t\t\t\t<div class=\"elementor-element elementor-element-580f85e elementor-align-justify elementor-widget elementor-widget-button\" data-id=\"580f85e\" data-element_type=\"widget\" data-e-type=\"widget\" data-widget_type=\"button.default\">\n\t\t\t\t<div class=\"elementor-widget-container\">\n\t\t\t\t\t\t\t\t\t<div class=\"elementor-button-wrapper\">\n\t\t\t\t\t<a class=\"elementor-button elementor-button-link elementor-size-sm\" href=\"https:\/\/hotforgedbolt.com\/stahlindustrie\">\n\t\t\t\t\t\t<span class=\"elementor-button-content-wrapper\">\n\t\t\t\t\t\t<span class=\"elementor-button-icon\">\n\t\t\t\t<svg aria-hidden=\"true\" class=\"e-font-icon-svg e-fas-chevron-right\" viewBox=\"0 0 320 512\" xmlns=\"http:\/\/www.w3.org\/2000\/svg\"><path d=\"M285.476 272.971L91.132 467.314c-9.373 9.373-24.569 9.373-33.941 0l-22.667-22.667c-9.357-9.357-9.375-24.522-.04-33.901L188.505 256 34.484 101.255c-9.335-9.379-9.317-24.544.04-33.901l22.667-22.667c9.373-9.373 24.569-9.373 33.941 0L285.475 239.03c9.373 9.372 9.373 24.568.001 33.941z\"><\/path><\/svg>\t\t\t<\/span>\n\t\t\t\t\t\t\t\t\t<span class=\"elementor-button-text\">Stahlindustrie<\/span>\n\t\t\t\t\t<\/span>\n\t\t\t\t\t<\/a>\n\t\t\t\t<\/div>\n\t\t\t\t\t\t\t\t<\/div>\n\t\t\t\t<\/div>\n\t\t\t\t<\/div>\n\t\t\t\t<\/div>\n\t\t<div class=\"elementor-element elementor-element-66eb70f e-con-full e-flex e-con e-child\" data-id=\"66eb70f\" data-element_type=\"container\" data-e-type=\"container\" data-settings=\"{&quot;background_background&quot;:&quot;classic&quot;}\">\n\t\t\t\t<div class=\"elementor-element elementor-element-def89e5 elementor-widget elementor-widget-heading\" data-id=\"def89e5\" data-element_type=\"widget\" data-e-type=\"widget\" data-widget_type=\"heading.default\">\n\t\t\t\t<div class=\"elementor-widget-container\">\n\t\t\t\t\t<h2 class=\"elementor-heading-title elementor-size-default\">Brochures<\/h2>\t\t\t\t<\/div>\n\t\t\t\t<\/div>\n\t\t<a class=\"elementor-element elementor-element-f887b3b e-con-full e-flex e-con e-child\" data-id=\"f887b3b\" data-element_type=\"container\" data-e-type=\"container\" href=\"#\">\n\t\t<div class=\"elementor-element elementor-element-e9ef395 e-con-full e-flex e-con e-child\" data-id=\"e9ef395\" data-element_type=\"container\" data-e-type=\"container\" data-settings=\"{&quot;background_background&quot;:&quot;classic&quot;}\">\n\t\t\t\t<div class=\"elementor-element elementor-element-4a668fa elementor-view-default elementor-widget elementor-widget-icon\" data-id=\"4a668fa\" data-element_type=\"widget\" data-e-type=\"widget\" data-widget_type=\"icon.default\">\n\t\t\t\t<div class=\"elementor-widget-container\">\n\t\t\t\t\t\t\t<div class=\"elementor-icon-wrapper\">\n\t\t\t<div class=\"elementor-icon\">\n\t\t\t<svg aria-hidden=\"true\" class=\"e-font-icon-svg e-far-file-powerpoint\" viewBox=\"0 0 384 512\" xmlns=\"http:\/\/www.w3.org\/2000\/svg\"><path d=\"M369.9 97.9L286 14C277 5 264.8-.1 252.1-.1H48C21.5 0 0 21.5 0 48v416c0 26.5 21.5 48 48 48h288c26.5 0 48-21.5 48-48V131.9c0-12.7-5.1-25-14.1-34zM332.1 128H256V51.9l76.1 76.1zM48 464V48h160v104c0 13.3 10.7 24 24 24h104v288H48zm72-60V236c0-6.6 5.4-12 12-12h69.2c36.7 0 62.8 27 62.8 66.3 0 74.3-68.7 66.5-95.5 66.5V404c0 6.6-5.4 12-12 12H132c-6.6 0-12-5.4-12-12zm48.5-87.4h23c7.9 0 13.9-2.4 18.1-7.2 8.5-9.8 8.4-28.5.1-37.8-4.1-4.6-9.9-7-17.4-7h-23.9v52z\"><\/path><\/svg>\t\t\t<\/div>\n\t\t<\/div>\n\t\t\t\t\t\t<\/div>\n\t\t\t\t<\/div>\n\t\t\t\t<\/div>\n\t\t<div class=\"elementor-element elementor-element-d0e96de e-con-full e-flex e-con e-child\" data-id=\"d0e96de\" data-element_type=\"container\" data-e-type=\"container\" data-settings=\"{&quot;background_background&quot;:&quot;classic&quot;}\">\n\t\t\t\t<div class=\"elementor-element elementor-element-56c1a51 elementor-widget elementor-widget-heading\" data-id=\"56c1a51\" data-element_type=\"widget\" data-e-type=\"widget\" data-widget_type=\"heading.default\">\n\t\t\t\t<div class=\"elementor-widget-container\">\n\t\t\t\t\t<h2 class=\"elementor-heading-title elementor-size-default\">Download.pdf<\/h2>\t\t\t\t<\/div>\n\t\t\t\t<\/div>\n\t\t\t\t<\/div>\n\t\t\t\t<\/a>\n\t\t\t\t<\/div>\n\t\t<div class=\"elementor-element elementor-element-903dd6f e-con-full e-flex e-con e-child\" data-id=\"903dd6f\" data-element_type=\"container\" data-e-type=\"container\" data-settings=\"{&quot;background_background&quot;:&quot;classic&quot;}\">\n\t\t<div class=\"elementor-element elementor-element-02930bf e-con-full e-flex e-con e-child\" data-id=\"02930bf\" data-element_type=\"container\" data-e-type=\"container\" data-settings=\"{&quot;background_background&quot;:&quot;classic&quot;}\">\n\t\t\t\t<div class=\"elementor-element elementor-element-f897a6a elementor-view-stacked elementor-shape-circle elementor-position-block-start elementor-mobile-position-block-start elementor-widget elementor-widget-icon-box\" data-id=\"f897a6a\" data-element_type=\"widget\" data-e-type=\"widget\" data-widget_type=\"icon-box.default\">\n\t\t\t\t<div class=\"elementor-widget-container\">\n\t\t\t\t\t\t\t<div class=\"elementor-icon-box-wrapper\">\n\n\t\t\t\t\t\t<div class=\"elementor-icon-box-icon\">\n\t\t\t\t<span  class=\"elementor-icon\">\n\t\t\t\t<svg aria-hidden=\"true\" class=\"e-font-icon-svg e-fas-headset\" viewBox=\"0 0 512 512\" xmlns=\"http:\/\/www.w3.org\/2000\/svg\"><path d=\"M192 208c0-17.67-14.33-32-32-32h-16c-35.35 0-64 28.65-64 64v48c0 35.35 28.65 64 64 64h16c17.67 0 32-14.33 32-32V208zm176 144c35.35 0 64-28.65 64-64v-48c0-35.35-28.65-64-64-64h-16c-17.67 0-32 14.33-32 32v112c0 17.67 14.33 32 32 32h16zM256 0C113.18 0 4.58 118.83 0 256v16c0 8.84 7.16 16 16 16h16c8.84 0 16-7.16 16-16v-16c0-114.69 93.31-208 208-208s208 93.31 208 208h-.12c.08 2.43.12 165.72.12 165.72 0 23.35-18.93 42.28-42.28 42.28H320c0-26.51-21.49-48-48-48h-32c-26.51 0-48 21.49-48 48s21.49 48 48 48h181.72c49.86 0 90.28-40.42 90.28-90.28V256C507.42 118.83 398.82 0 256 0z\"><\/path><\/svg>\t\t\t\t<\/span>\n\t\t\t<\/div>\n\t\t\t\n\t\t\t\t\t\t<div class=\"elementor-icon-box-content\">\n\n\t\t\t\t\t\t\t\t\t<h3 class=\"elementor-icon-box-title\">\n\t\t\t\t\t\t<span  >\n\t\t\t\t\t\t\tWie k\u00f6nnen wir <br>Ihnen helfen?\t\t\t\t\t\t<\/span>\n\t\t\t\t\t<\/h3>\n\t\t\t\t\n\t\t\t\t\n\t\t\t<\/div>\n\t\t\t\n\t\t<\/div>\n\t\t\t\t\t\t<\/div>\n\t\t\t\t<\/div>\n\t\t\t\t<div class=\"elementor-element elementor-element-ed52898 elementor-align-center elementor-icon-list--layout-traditional elementor-list-item-link-full_width elementor-widget elementor-widget-icon-list\" data-id=\"ed52898\" data-element_type=\"widget\" data-e-type=\"widget\" data-widget_type=\"icon-list.default\">\n\t\t\t\t<div class=\"elementor-widget-container\">\n\t\t\t\t\t\t\t<ul class=\"elementor-icon-list-items\">\n\t\t\t\t\t\t\t<li class=\"elementor-icon-list-item\">\n\t\t\t\t\t\t\t\t\t\t\t<span class=\"elementor-icon-list-icon\">\n\t\t\t\t\t\t\t<i aria-hidden=\"true\" class=\"icon icon-phone-call\"><\/i>\t\t\t\t\t\t<\/span>\n\t\t\t\t\t\t\t\t\t\t<span class=\"elementor-icon-list-text\">+90 542 794 794 6<\/span>\n\t\t\t\t\t\t\t\t\t<\/li>\n\t\t\t\t\t\t\t\t<li class=\"elementor-icon-list-item\">\n\t\t\t\t\t\t\t\t\t\t\t<span class=\"elementor-icon-list-icon\">\n\t\t\t\t\t\t\t<i aria-hidden=\"true\" class=\"icon icon-email1\"><\/i>\t\t\t\t\t\t<\/span>\n\t\t\t\t\t\t\t\t\t\t<span class=\"elementor-icon-list-text\">info@hotforgedbolt.com<\/span>\n\t\t\t\t\t\t\t\t\t<\/li>\n\t\t\t\t\t\t<\/ul>\n\t\t\t\t\t\t<\/div>\n\t\t\t\t<\/div>\n\t\t\t\t<\/div>\n\t\t\t\t<\/div>\n\t\t\t\t<\/div>\n\t\t<div class=\"elementor-element elementor-element-a07ac18 e-con-full e-flex e-con e-child\" data-id=\"a07ac18\" data-element_type=\"container\" data-e-type=\"container\">\n\t\t\t\t<div class=\"elementor-element elementor-element-67211e8 elementor-widget elementor-widget-image\" data-id=\"67211e8\" data-element_type=\"widget\" data-e-type=\"widget\" data-widget_type=\"image.default\">\n\t\t\t\t<div class=\"elementor-widget-container\">\n\t\t\t\t\t\t\t\t\t\t\t\t\t\t\t<img fetchpriority=\"high\" decoding=\"async\" width=\"525\" height=\"525\" src=\"https:\/\/hotforgedbolt.com\/wp-content\/uploads\/2025\/09\/aero.jpg\" class=\"attachment-large size-large wp-image-8882\" alt=\"\" srcset=\"https:\/\/hotforgedbolt.com\/wp-content\/uploads\/2025\/09\/aero.jpg 1024w, https:\/\/hotforgedbolt.com\/wp-content\/uploads\/2025\/09\/aero-300x300.jpg 300w, https:\/\/hotforgedbolt.com\/wp-content\/uploads\/2025\/09\/aero-150x150.jpg 150w, https:\/\/hotforgedbolt.com\/wp-content\/uploads\/2025\/09\/aero-768x768.jpg 768w, https:\/\/hotforgedbolt.com\/wp-content\/uploads\/2025\/09\/aero-70x70.jpg 70w, https:\/\/hotforgedbolt.com\/wp-content\/uploads\/2025\/09\/aero-370x370.jpg 370w, https:\/\/hotforgedbolt.com\/wp-content\/uploads\/2025\/09\/aero-140x140.jpg 140w, https:\/\/hotforgedbolt.com\/wp-content\/uploads\/2025\/09\/aero-90x90.jpg 90w, https:\/\/hotforgedbolt.com\/wp-content\/uploads\/2025\/09\/aero-170x170.jpg 170w, https:\/\/hotforgedbolt.com\/wp-content\/uploads\/2025\/09\/aero-348x348.jpg 348w, https:\/\/hotforgedbolt.com\/wp-content\/uploads\/2025\/09\/aero-100x100.jpg 100w\" sizes=\"(max-width: 525px) 100vw, 525px\" \/>\t\t\t\t\t\t\t\t\t\t\t\t\t\t\t<\/div>\n\t\t\t\t<\/div>\n\t\t\t\t<div class=\"elementor-element elementor-element-f258f8f elementor-widget elementor-widget-heading\" data-id=\"f258f8f\" data-element_type=\"widget\" data-e-type=\"widget\" data-widget_type=\"heading.default\">\n\t\t\t\t<div class=\"elementor-widget-container\">\n\t\t\t\t\t<h4 class=\"elementor-heading-title elementor-size-default\">LUFT-UND RAUMFAHRT-INDUSTRIE<\/h4>\t\t\t\t<\/div>\n\t\t\t\t<\/div>\n\t\t\t\t<div class=\"elementor-element elementor-element-66e1c77 elementor-widget elementor-widget-text-editor\" data-id=\"66e1c77\" data-element_type=\"widget\" data-e-type=\"widget\" data-widget_type=\"text-editor.default\">\n\t\t\t\t<div class=\"elementor-widget-container\">\n\t\t\t\t\t\t\t\t\t<h4><strong>Warmgeschmiedete Bolzen f\u00fcr die Luft- und Raumfahrtindustrie: Gew\u00e4hrleistung von Festigkeit, Langlebigkeit und Sicherheit<\/strong><\/h4>\n<p>Die <b>Luft- und Raumfahrtindustrie<\/b> ben\u00f6tigt Komponenten, die nicht nur <b>hohe Leistungsstandards<\/b> erf\u00fcllen, sondern auch <b>leicht<\/b> sind und extremen Umgebungsbedingungen standhalten. Zu diesen Bedingungen z\u00e4hlen <b>gro\u00dfe H\u00f6hen<\/b>, <b>Temperaturschwankungen<\/b> und <b>starke mechanische Beanspruchung<\/b>. <b>Warmgeschmiedete Bolzen<\/b> werden h\u00e4ufig bei der Montage von <b>Flugzeugen<\/b>, <b>Raumfahrzeugen<\/b> und anderen Luft- und Raumfahrtfahrzeugen verwendet. In dieser risikoreichen Branche ist die <b>Zuverl\u00e4ssigkeit<\/b> jeder Verbindung von entscheidender Bedeutung, da jeder Ausfall schwerwiegende Folgen f\u00fcr die Sicherheit und den Erfolg der Mission haben kann.<\/p>\n<p><b>Un\u00fcbertroffene Leistung in Luft- und Raumfahrtanwendungen<\/b><\/p>\n<p><b>Warmgeschmiedete Bolzen<\/b> sind im Luft- und Raumfahrtsektor aufgrund ihrer <b>au\u00dfergew\u00f6hnlichen Zugfestigkeit<\/b>, <b>Korrosionsbest\u00e4ndigkeit<\/b> und <b>Erm\u00fcdungsfestigkeit<\/b> von entscheidender Bedeutung. Diese Eigenschaften gew\u00e4hrleisten die <b>strukturelle Integrit\u00e4t<\/b> von <b>Flugzeugen<\/b>, <b>Raumfahrzeugen<\/b> und Luft- und Raumfahrtkomponenten, selbst unter h\u00e4rtesten Betriebsbedingungen. Diese Bolzen wurden entwickelt, um strenge Industriestandards wie <b>ISO<\/b>, <b>EN<\/b> und <b>DIN<\/b> zu erf\u00fcllen, und sind so konstruiert, dass sie in anspruchsvollen Luft- und Raumfahrtanwendungen zuverl\u00e4ssig funktionieren.<\/p>\n<h4><\/h4>\n<p><\/p>\n<h4><b>Wichtige Vorteile von warmgeschmiedeten Bolzen in der Luft- und Raumfahrt<\/b>:<\/h4>\n<p><\/p>\n<ul>\n<li><b>Hervorragendes Verh\u00e4ltnis von Festigkeit zu Gewicht<\/b>: Warmgeschmiedete Bolzen bieten die perfekte Balance zwischen Festigkeit und Gewicht und sorgen daf\u00fcr, dass Luft- und Raumfahrzeuge leicht bleiben, ohne dass die Haltbarkeit beeintr\u00e4chtigt wird.<\/li>\n<li><b>Korrosions- und Erm\u00fcdungsbest\u00e4ndigkeit<\/b>: Diese Bolzen sind so konstruiert, dass sie extremen Temperaturschwankungen und korrosiven Umgebungen standhalten und somit eine langfristige Zuverl\u00e4ssigkeit in Luft- und Raumfahrtsystemen gew\u00e4hrleisten.<\/li>\n<li><b>Erh\u00f6hte Sicherheit<\/b>: Warmgeschmiedete Bolzen tragen direkt zur <b>Sicherheit<\/b> von <b>Flugzeugen<\/b> und <b>Raumfahrzeugen<\/b> bei, indem sie sichere Verbindungen gew\u00e4hrleisten, die Ausf\u00e4lle in kritischen Systemen verhindern.<\/li>\n<li><b>Einhaltung strenger Normen<\/b>: Warmgeschmiedete Bolzen erf\u00fcllen oder \u00fcbertreffen die <b>ISO<\/b>-, <b>EN<\/b>&#8211; und <b>DIN<\/b>-Spezifikationen und garantieren somit, dass sie den strengen Leistungs- und Zuverl\u00e4ssigkeitsanforderungen der Luft- und Raumfahrtindustrie entsprechen.<\/li>\n<li><b>Langfristige Haltbarkeit<\/b>: Warmgeschmiedete Schrauben sind f\u00fcr eine lange Lebensdauer unter intensiver mechanischer Beanspruchung ausgelegt und gew\u00e4hrleisten die <b>Langlebigkeit<\/b> von Luft- und Raumfahrzeugen, wodurch der Wartungsaufwand reduziert und die Betriebseffizienz erh\u00f6ht wird.<\/li>\n<\/ul>\n<p><b>Gew\u00e4hrleistung der Sicherheit und strukturellen Integrit\u00e4t in der Luft- und Raumfahrt<\/b><\/p>\n<p>In der <b>Luft- und Raumfahrtindustrie<\/b> h\u00e4ngen die Sicherheit und Leistung jedes Fahrzeugs von der Zuverl\u00e4ssigkeit der Komponenten ab, die es zusammenhalten. <b>Warmgeschmiedete Bolzen<\/b> bieten die erforderliche <b>Festigkeit<\/b> und <b>Pr\u00e4zision<\/b>, um die <b>strukturelle Integrit\u00e4t<\/b> von <b>Flugzeugen<\/b> und <b>Raumfahrzeugen<\/b> zu gew\u00e4hrleisten. Diese Bolzen sind entscheidend f\u00fcr die Befestigung von <b>Hochleistungskomponenten<\/b> und die Gew\u00e4hrleistung der Stabilit\u00e4t von Luft- und Raumfahrtsystemen, selbst unter extremen Bedingungen.<\/p>\n<p>Durch die Verwendung von <b>warmgeschmiedeten Bolzen<\/b> garantieren Luft- und Raumfahrthersteller, dass jede Verbindung sicher ist, was die <b>Betriebssicherheit<\/b>, <b>Effizienz<\/b> und <b>Leistung<\/b> verbessert. Diese Bolzen spielen eine wesentliche Rolle bei der Erf\u00fcllung der hohen Standards, die f\u00fcr den Erfolg in der Luft- und Raumfahrtbranche erforderlich sind.<\/p>\n\t\t\t\t\t\t\t\t<\/div>\n\t\t\t\t<\/div>\n\t\t\t\t<\/div>\n\t\t\t\t\t<\/div>\n\t\t\t\t<\/div>\n\t\t\t\t<\/div>\n\t\t","protected":false},"excerpt":{"rendered":"<p>Aerospace Industry Industrien Automobilindustrie Energie Sektor \u00d6l-und Gas-Industrie Schwere Maschinen und Bau Luft-Und Raumfahrt-Industrie Stahlindustrie Brochures Download.pdf Wie k\u00f6nnen wir Ihnen helfen? +90 542 794 794 6 info@hotforgedbolt.com LUFT-UND RAUMFAHRT-INDUSTRIE Warmgeschmiedete Bolzen f\u00fcr die Luft- und Raumfahrtindustrie: Gew\u00e4hrleistung von Festigkeit, Langlebigkeit und Sicherheit Die Luft- und Raumfahrtindustrie ben\u00f6tigt Komponenten, die nicht nur hohe Leistungsstandards erf\u00fcllen, [&hellip;]<\/p>\n","protected":false},"author":1,"featured_media":0,"parent":8868,"menu_order":0,"comment_status":"closed","ping_status":"closed","template":"elementor_header_footer","meta":{"footnotes":""},"class_list":["post-8525","page","type-page","status-publish","hentry"],"_links":{"self":[{"href":"https:\/\/hotforgedbolt.com\/de\/wp-json\/wp\/v2\/pages\/8525","targetHints":{"allow":["GET"]}}],"collection":[{"href":"https:\/\/hotforgedbolt.com\/de\/wp-json\/wp\/v2\/pages"}],"about":[{"href":"https:\/\/hotforgedbolt.com\/de\/wp-json\/wp\/v2\/types\/page"}],"author":[{"embeddable":true,"href":"https:\/\/hotforgedbolt.com\/de\/wp-json\/wp\/v2\/users\/1"}],"replies":[{"embeddable":true,"href":"https:\/\/hotforgedbolt.com\/de\/wp-json\/wp\/v2\/comments?post=8525"}],"version-history":[{"count":12,"href":"https:\/\/hotforgedbolt.com\/de\/wp-json\/wp\/v2\/pages\/8525\/revisions"}],"predecessor-version":[{"id":8887,"href":"https:\/\/hotforgedbolt.com\/de\/wp-json\/wp\/v2\/pages\/8525\/revisions\/8887"}],"up":[{"embeddable":true,"href":"https:\/\/hotforgedbolt.com\/de\/wp-json\/wp\/v2\/pages\/8868"}],"wp:attachment":[{"href":"https:\/\/hotforgedbolt.com\/de\/wp-json\/wp\/v2\/media?parent=8525"}],"curies":[{"name":"wp","href":"https:\/\/api.w.org\/{rel}","templated":true}]}}