{"id":8529,"date":"2025-09-04T18:36:43","date_gmt":"2025-09-04T18:36:43","guid":{"rendered":"https:\/\/hotforgedbolt.com\/automotive-industry\/"},"modified":"2025-09-14T10:46:52","modified_gmt":"2025-09-14T10:46:52","slug":"automotive-industry","status":"publish","type":"page","link":"https:\/\/hotforgedbolt.com\/de\/industrien\/automotive-industry\/","title":{"rendered":"Automobilindustrie"},"content":{"rendered":"\t\t<div data-elementor-type=\"wp-page\" data-elementor-id=\"8529\" class=\"elementor elementor-8529 elementor-7607\" data-elementor-post-type=\"page\">\n\t\t\t\t<div class=\"elementor-element elementor-element-d7aa673 e-con-full e-flex e-con e-parent\" data-id=\"d7aa673\" data-element_type=\"container\" data-e-type=\"container\" data-settings=\"{&quot;background_background&quot;:&quot;classic&quot;}\">\n\t\t\t\t<div class=\"elementor-element elementor-element-ca36815 elementor-widget elementor-widget-heading\" data-id=\"ca36815\" data-element_type=\"widget\" data-e-type=\"widget\" data-widget_type=\"heading.default\">\n\t\t\t\t<div class=\"elementor-widget-container\">\n\t\t\t\t\t<h2 class=\"elementor-heading-title elementor-size-default\">Automobilindustrie<\/h2>\t\t\t\t<\/div>\n\t\t\t\t<\/div>\n\t\t\t\t<\/div>\n\t\t<div class=\"elementor-element elementor-element-1184210 e-flex e-con-boxed e-con e-parent\" data-id=\"1184210\" data-element_type=\"container\" data-e-type=\"container\">\n\t\t\t\t\t<div class=\"e-con-inner\">\n\t\t<div class=\"elementor-element elementor-element-c03644f e-con-full e-flex e-con e-child\" data-id=\"c03644f\" data-element_type=\"container\" data-e-type=\"container\">\n\t\t<div class=\"elementor-element elementor-element-26cdc39 e-con-full e-flex e-con e-child\" data-id=\"26cdc39\" data-element_type=\"container\" data-e-type=\"container\" data-settings=\"{&quot;background_background&quot;:&quot;classic&quot;}\">\n\t\t\t\t<div class=\"elementor-element elementor-element-e5108a1 elementor-widget elementor-widget-heading\" data-id=\"e5108a1\" data-element_type=\"widget\" data-e-type=\"widget\" data-widget_type=\"heading.default\">\n\t\t\t\t<div class=\"elementor-widget-container\">\n\t\t\t\t\t<h2 class=\"elementor-heading-title elementor-size-default\">Industrien<\/h2>\t\t\t\t<\/div>\n\t\t\t\t<\/div>\n\t\t<div class=\"elementor-element elementor-element-7a6f313 e-con-full e-flex e-con e-child\" data-id=\"7a6f313\" data-element_type=\"container\" data-e-type=\"container\">\n\t\t\t\t<div class=\"elementor-element elementor-element-d105aad elementor-align-justify elementor-widget elementor-widget-button\" data-id=\"d105aad\" data-element_type=\"widget\" data-e-type=\"widget\" data-widget_type=\"button.default\">\n\t\t\t\t<div class=\"elementor-widget-container\">\n\t\t\t\t\t\t\t\t\t<div class=\"elementor-button-wrapper\">\n\t\t\t\t\t<a class=\"elementor-button elementor-button-link elementor-size-sm\" href=\"https:\/\/hotforgedbolt.com\/automobil-industrie\/\">\n\t\t\t\t\t\t<span class=\"elementor-button-content-wrapper\">\n\t\t\t\t\t\t<span class=\"elementor-button-icon\">\n\t\t\t\t<svg aria-hidden=\"true\" class=\"e-font-icon-svg e-fas-chevron-right\" viewBox=\"0 0 320 512\" xmlns=\"http:\/\/www.w3.org\/2000\/svg\"><path d=\"M285.476 272.971L91.132 467.314c-9.373 9.373-24.569 9.373-33.941 0l-22.667-22.667c-9.357-9.357-9.375-24.522-.04-33.901L188.505 256 34.484 101.255c-9.335-9.379-9.317-24.544.04-33.901l22.667-22.667c9.373-9.373 24.569-9.373 33.941 0L285.475 239.03c9.373 9.372 9.373 24.568.001 33.941z\"><\/path><\/svg>\t\t\t<\/span>\n\t\t\t\t\t\t\t\t\t<span class=\"elementor-button-text\">Automobilindustrie<\/span>\n\t\t\t\t\t<\/span>\n\t\t\t\t\t<\/a>\n\t\t\t\t<\/div>\n\t\t\t\t\t\t\t\t<\/div>\n\t\t\t\t<\/div>\n\t\t\t\t<div class=\"elementor-element elementor-element-41afdbd elementor-align-justify elementor-widget elementor-widget-button\" data-id=\"41afdbd\" data-element_type=\"widget\" data-e-type=\"widget\" data-widget_type=\"button.default\">\n\t\t\t\t<div class=\"elementor-widget-container\">\n\t\t\t\t\t\t\t\t\t<div class=\"elementor-button-wrapper\">\n\t\t\t\t\t<a class=\"elementor-button elementor-button-link elementor-size-sm\" href=\"https:\/\/hotforgedbolt.com\/energie-sektor\/\">\n\t\t\t\t\t\t<span class=\"elementor-button-content-wrapper\">\n\t\t\t\t\t\t<span class=\"elementor-button-icon\">\n\t\t\t\t<svg aria-hidden=\"true\" class=\"e-font-icon-svg e-fas-chevron-right\" viewBox=\"0 0 320 512\" xmlns=\"http:\/\/www.w3.org\/2000\/svg\"><path d=\"M285.476 272.971L91.132 467.314c-9.373 9.373-24.569 9.373-33.941 0l-22.667-22.667c-9.357-9.357-9.375-24.522-.04-33.901L188.505 256 34.484 101.255c-9.335-9.379-9.317-24.544.04-33.901l22.667-22.667c9.373-9.373 24.569-9.373 33.941 0L285.475 239.03c9.373 9.372 9.373 24.568.001 33.941z\"><\/path><\/svg>\t\t\t<\/span>\n\t\t\t\t\t\t\t\t\t<span class=\"elementor-button-text\">Energie-Sektor<\/span>\n\t\t\t\t\t<\/span>\n\t\t\t\t\t<\/a>\n\t\t\t\t<\/div>\n\t\t\t\t\t\t\t\t<\/div>\n\t\t\t\t<\/div>\n\t\t\t\t<div class=\"elementor-element elementor-element-fc57701 elementor-align-justify elementor-widget elementor-widget-button\" data-id=\"fc57701\" data-element_type=\"widget\" data-e-type=\"widget\" data-widget_type=\"button.default\">\n\t\t\t\t<div class=\"elementor-widget-container\">\n\t\t\t\t\t\t\t\t\t<div class=\"elementor-button-wrapper\">\n\t\t\t\t\t<a class=\"elementor-button elementor-button-link elementor-size-sm\" href=\"https:\/\/hotforgedbolt.com\/ol-und-gas-industrie\/\">\n\t\t\t\t\t\t<span class=\"elementor-button-content-wrapper\">\n\t\t\t\t\t\t<span class=\"elementor-button-icon\">\n\t\t\t\t<svg aria-hidden=\"true\" class=\"e-font-icon-svg e-fas-chevron-right\" viewBox=\"0 0 320 512\" xmlns=\"http:\/\/www.w3.org\/2000\/svg\"><path d=\"M285.476 272.971L91.132 467.314c-9.373 9.373-24.569 9.373-33.941 0l-22.667-22.667c-9.357-9.357-9.375-24.522-.04-33.901L188.505 256 34.484 101.255c-9.335-9.379-9.317-24.544.04-33.901l22.667-22.667c9.373-9.373 24.569-9.373 33.941 0L285.475 239.03c9.373 9.372 9.373 24.568.001 33.941z\"><\/path><\/svg>\t\t\t<\/span>\n\t\t\t\t\t\t\t\t\t<span class=\"elementor-button-text\">\u00d6l-und Gas-Industrie<\/span>\n\t\t\t\t\t<\/span>\n\t\t\t\t\t<\/a>\n\t\t\t\t<\/div>\n\t\t\t\t\t\t\t\t<\/div>\n\t\t\t\t<\/div>\n\t\t\t\t<div class=\"elementor-element elementor-element-d313ae0 elementor-align-justify elementor-widget elementor-widget-button\" data-id=\"d313ae0\" data-element_type=\"widget\" data-e-type=\"widget\" data-widget_type=\"button.default\">\n\t\t\t\t<div class=\"elementor-widget-container\">\n\t\t\t\t\t\t\t\t\t<div class=\"elementor-button-wrapper\">\n\t\t\t\t\t<a class=\"elementor-button elementor-button-link elementor-size-sm\" href=\"https:\/\/hotforgedbolt.com\/schwere-maschinen%20und%20bau\/\">\n\t\t\t\t\t\t<span class=\"elementor-button-content-wrapper\">\n\t\t\t\t\t\t<span class=\"elementor-button-icon\">\n\t\t\t\t<svg aria-hidden=\"true\" class=\"e-font-icon-svg e-fas-chevron-right\" viewBox=\"0 0 320 512\" xmlns=\"http:\/\/www.w3.org\/2000\/svg\"><path d=\"M285.476 272.971L91.132 467.314c-9.373 9.373-24.569 9.373-33.941 0l-22.667-22.667c-9.357-9.357-9.375-24.522-.04-33.901L188.505 256 34.484 101.255c-9.335-9.379-9.317-24.544.04-33.901l22.667-22.667c9.373-9.373 24.569-9.373 33.941 0L285.475 239.03c9.373 9.372 9.373 24.568.001 33.941z\"><\/path><\/svg>\t\t\t<\/span>\n\t\t\t\t\t\t\t\t\t<span class=\"elementor-button-text\">Schwere Maschinen und Bau<\/span>\n\t\t\t\t\t<\/span>\n\t\t\t\t\t<\/a>\n\t\t\t\t<\/div>\n\t\t\t\t\t\t\t\t<\/div>\n\t\t\t\t<\/div>\n\t\t\t\t<div class=\"elementor-element elementor-element-a79a248 elementor-align-justify elementor-widget elementor-widget-button\" data-id=\"a79a248\" data-element_type=\"widget\" data-e-type=\"widget\" data-widget_type=\"button.default\">\n\t\t\t\t<div class=\"elementor-widget-container\">\n\t\t\t\t\t\t\t\t\t<div class=\"elementor-button-wrapper\">\n\t\t\t\t\t<a class=\"elementor-button elementor-button-link elementor-size-sm\" href=\"https:\/\/hotforgedbolt.com\/de\/luft-und%20raumfahrt-Industrie\/\">\n\t\t\t\t\t\t<span class=\"elementor-button-content-wrapper\">\n\t\t\t\t\t\t<span class=\"elementor-button-icon\">\n\t\t\t\t<svg aria-hidden=\"true\" class=\"e-font-icon-svg e-fas-chevron-right\" viewBox=\"0 0 320 512\" xmlns=\"http:\/\/www.w3.org\/2000\/svg\"><path d=\"M285.476 272.971L91.132 467.314c-9.373 9.373-24.569 9.373-33.941 0l-22.667-22.667c-9.357-9.357-9.375-24.522-.04-33.901L188.505 256 34.484 101.255c-9.335-9.379-9.317-24.544.04-33.901l22.667-22.667c9.373-9.373 24.569-9.373 33.941 0L285.475 239.03c9.373 9.372 9.373 24.568.001 33.941z\"><\/path><\/svg>\t\t\t<\/span>\n\t\t\t\t\t\t\t\t\t<span class=\"elementor-button-text\">Luft-Und Raumfahrt-Industrie<\/span>\n\t\t\t\t\t<\/span>\n\t\t\t\t\t<\/a>\n\t\t\t\t<\/div>\n\t\t\t\t\t\t\t\t<\/div>\n\t\t\t\t<\/div>\n\t\t\t\t<div class=\"elementor-element elementor-element-e20e0bd elementor-align-justify elementor-widget elementor-widget-button\" data-id=\"e20e0bd\" data-element_type=\"widget\" data-e-type=\"widget\" data-widget_type=\"button.default\">\n\t\t\t\t<div class=\"elementor-widget-container\">\n\t\t\t\t\t\t\t\t\t<div class=\"elementor-button-wrapper\">\n\t\t\t\t\t<a class=\"elementor-button elementor-button-link elementor-size-sm\" href=\"https:\/\/hotforgedbolt.com\/stahlindustrie\/\">\n\t\t\t\t\t\t<span class=\"elementor-button-content-wrapper\">\n\t\t\t\t\t\t<span class=\"elementor-button-icon\">\n\t\t\t\t<svg aria-hidden=\"true\" class=\"e-font-icon-svg e-fas-chevron-right\" viewBox=\"0 0 320 512\" xmlns=\"http:\/\/www.w3.org\/2000\/svg\"><path d=\"M285.476 272.971L91.132 467.314c-9.373 9.373-24.569 9.373-33.941 0l-22.667-22.667c-9.357-9.357-9.375-24.522-.04-33.901L188.505 256 34.484 101.255c-9.335-9.379-9.317-24.544.04-33.901l22.667-22.667c9.373-9.373 24.569-9.373 33.941 0L285.475 239.03c9.373 9.372 9.373 24.568.001 33.941z\"><\/path><\/svg>\t\t\t<\/span>\n\t\t\t\t\t\t\t\t\t<span class=\"elementor-button-text\">Stahlindustrie<\/span>\n\t\t\t\t\t<\/span>\n\t\t\t\t\t<\/a>\n\t\t\t\t<\/div>\n\t\t\t\t\t\t\t\t<\/div>\n\t\t\t\t<\/div>\n\t\t\t\t<\/div>\n\t\t\t\t<\/div>\n\t\t<div class=\"elementor-element elementor-element-04a763e e-con-full e-flex e-con e-child\" data-id=\"04a763e\" data-element_type=\"container\" data-e-type=\"container\" data-settings=\"{&quot;background_background&quot;:&quot;classic&quot;}\">\n\t\t\t\t<div class=\"elementor-element elementor-element-30871b3 elementor-widget elementor-widget-heading\" data-id=\"30871b3\" data-element_type=\"widget\" data-e-type=\"widget\" data-widget_type=\"heading.default\">\n\t\t\t\t<div class=\"elementor-widget-container\">\n\t\t\t\t\t<h2 class=\"elementor-heading-title elementor-size-default\">Brochures<\/h2>\t\t\t\t<\/div>\n\t\t\t\t<\/div>\n\t\t<a class=\"elementor-element elementor-element-38e5acb e-con-full e-flex e-con e-child\" data-id=\"38e5acb\" data-element_type=\"container\" data-e-type=\"container\" href=\"#\">\n\t\t<div class=\"elementor-element elementor-element-6b3c036 e-con-full e-flex e-con e-child\" data-id=\"6b3c036\" data-element_type=\"container\" data-e-type=\"container\" data-settings=\"{&quot;background_background&quot;:&quot;classic&quot;}\">\n\t\t\t\t<div class=\"elementor-element elementor-element-ebf3ada elementor-view-default elementor-widget elementor-widget-icon\" data-id=\"ebf3ada\" data-element_type=\"widget\" data-e-type=\"widget\" data-widget_type=\"icon.default\">\n\t\t\t\t<div class=\"elementor-widget-container\">\n\t\t\t\t\t\t\t<div class=\"elementor-icon-wrapper\">\n\t\t\t<div class=\"elementor-icon\">\n\t\t\t<svg aria-hidden=\"true\" class=\"e-font-icon-svg e-far-file-powerpoint\" viewBox=\"0 0 384 512\" xmlns=\"http:\/\/www.w3.org\/2000\/svg\"><path d=\"M369.9 97.9L286 14C277 5 264.8-.1 252.1-.1H48C21.5 0 0 21.5 0 48v416c0 26.5 21.5 48 48 48h288c26.5 0 48-21.5 48-48V131.9c0-12.7-5.1-25-14.1-34zM332.1 128H256V51.9l76.1 76.1zM48 464V48h160v104c0 13.3 10.7 24 24 24h104v288H48zm72-60V236c0-6.6 5.4-12 12-12h69.2c36.7 0 62.8 27 62.8 66.3 0 74.3-68.7 66.5-95.5 66.5V404c0 6.6-5.4 12-12 12H132c-6.6 0-12-5.4-12-12zm48.5-87.4h23c7.9 0 13.9-2.4 18.1-7.2 8.5-9.8 8.4-28.5.1-37.8-4.1-4.6-9.9-7-17.4-7h-23.9v52z\"><\/path><\/svg>\t\t\t<\/div>\n\t\t<\/div>\n\t\t\t\t\t\t<\/div>\n\t\t\t\t<\/div>\n\t\t\t\t<\/div>\n\t\t<div class=\"elementor-element elementor-element-9a1a3bd e-con-full e-flex e-con e-child\" data-id=\"9a1a3bd\" data-element_type=\"container\" data-e-type=\"container\" data-settings=\"{&quot;background_background&quot;:&quot;classic&quot;}\">\n\t\t\t\t<div class=\"elementor-element elementor-element-88c419f elementor-widget elementor-widget-heading\" data-id=\"88c419f\" data-element_type=\"widget\" data-e-type=\"widget\" data-widget_type=\"heading.default\">\n\t\t\t\t<div class=\"elementor-widget-container\">\n\t\t\t\t\t<h2 class=\"elementor-heading-title elementor-size-default\">Download.pdf<\/h2>\t\t\t\t<\/div>\n\t\t\t\t<\/div>\n\t\t\t\t<\/div>\n\t\t\t\t<\/a>\n\t\t\t\t<\/div>\n\t\t<div class=\"elementor-element elementor-element-9160c10 e-con-full e-flex e-con e-child\" data-id=\"9160c10\" data-element_type=\"container\" data-e-type=\"container\" data-settings=\"{&quot;background_background&quot;:&quot;classic&quot;}\">\n\t\t<div class=\"elementor-element elementor-element-7e1ffd4 e-con-full e-flex e-con e-child\" data-id=\"7e1ffd4\" data-element_type=\"container\" data-e-type=\"container\" data-settings=\"{&quot;background_background&quot;:&quot;classic&quot;}\">\n\t\t\t\t<div class=\"elementor-element elementor-element-6ff36f1 elementor-view-stacked elementor-shape-circle elementor-position-block-start elementor-mobile-position-block-start elementor-widget elementor-widget-icon-box\" data-id=\"6ff36f1\" data-element_type=\"widget\" data-e-type=\"widget\" data-widget_type=\"icon-box.default\">\n\t\t\t\t<div class=\"elementor-widget-container\">\n\t\t\t\t\t\t\t<div class=\"elementor-icon-box-wrapper\">\n\n\t\t\t\t\t\t<div class=\"elementor-icon-box-icon\">\n\t\t\t\t<span  class=\"elementor-icon\">\n\t\t\t\t<svg aria-hidden=\"true\" class=\"e-font-icon-svg e-fas-headset\" viewBox=\"0 0 512 512\" xmlns=\"http:\/\/www.w3.org\/2000\/svg\"><path d=\"M192 208c0-17.67-14.33-32-32-32h-16c-35.35 0-64 28.65-64 64v48c0 35.35 28.65 64 64 64h16c17.67 0 32-14.33 32-32V208zm176 144c35.35 0 64-28.65 64-64v-48c0-35.35-28.65-64-64-64h-16c-17.67 0-32 14.33-32 32v112c0 17.67 14.33 32 32 32h16zM256 0C113.18 0 4.58 118.83 0 256v16c0 8.84 7.16 16 16 16h16c8.84 0 16-7.16 16-16v-16c0-114.69 93.31-208 208-208s208 93.31 208 208h-.12c.08 2.43.12 165.72.12 165.72 0 23.35-18.93 42.28-42.28 42.28H320c0-26.51-21.49-48-48-48h-32c-26.51 0-48 21.49-48 48s21.49 48 48 48h181.72c49.86 0 90.28-40.42 90.28-90.28V256C507.42 118.83 398.82 0 256 0z\"><\/path><\/svg>\t\t\t\t<\/span>\n\t\t\t<\/div>\n\t\t\t\n\t\t\t\t\t\t<div class=\"elementor-icon-box-content\">\n\n\t\t\t\t\t\t\t\t\t<h3 class=\"elementor-icon-box-title\">\n\t\t\t\t\t\t<span  >\n\t\t\t\t\t\t\tWie k\u00f6nnen wir <br>Ihnen helfen?\t\t\t\t\t\t<\/span>\n\t\t\t\t\t<\/h3>\n\t\t\t\t\n\t\t\t\t\n\t\t\t<\/div>\n\t\t\t\n\t\t<\/div>\n\t\t\t\t\t\t<\/div>\n\t\t\t\t<\/div>\n\t\t\t\t<div class=\"elementor-element elementor-element-4b3abbd elementor-align-center elementor-icon-list--layout-traditional elementor-list-item-link-full_width elementor-widget elementor-widget-icon-list\" data-id=\"4b3abbd\" data-element_type=\"widget\" data-e-type=\"widget\" data-widget_type=\"icon-list.default\">\n\t\t\t\t<div class=\"elementor-widget-container\">\n\t\t\t\t\t\t\t<ul class=\"elementor-icon-list-items\">\n\t\t\t\t\t\t\t<li class=\"elementor-icon-list-item\">\n\t\t\t\t\t\t\t\t\t\t\t<span class=\"elementor-icon-list-icon\">\n\t\t\t\t\t\t\t<i aria-hidden=\"true\" class=\"icon icon-phone-call\"><\/i>\t\t\t\t\t\t<\/span>\n\t\t\t\t\t\t\t\t\t\t<span class=\"elementor-icon-list-text\">+90 542 794 794 6<\/span>\n\t\t\t\t\t\t\t\t\t<\/li>\n\t\t\t\t\t\t\t\t<li class=\"elementor-icon-list-item\">\n\t\t\t\t\t\t\t\t\t\t\t<span class=\"elementor-icon-list-icon\">\n\t\t\t\t\t\t\t<i aria-hidden=\"true\" class=\"icon icon-email1\"><\/i>\t\t\t\t\t\t<\/span>\n\t\t\t\t\t\t\t\t\t\t<span class=\"elementor-icon-list-text\">info@hotforgedbolt.com<\/span>\n\t\t\t\t\t\t\t\t\t<\/li>\n\t\t\t\t\t\t<\/ul>\n\t\t\t\t\t\t<\/div>\n\t\t\t\t<\/div>\n\t\t\t\t<\/div>\n\t\t\t\t<\/div>\n\t\t\t\t<\/div>\n\t\t<div class=\"elementor-element elementor-element-6d9a8b9 e-con-full e-flex e-con e-child\" data-id=\"6d9a8b9\" data-element_type=\"container\" data-e-type=\"container\">\n\t\t\t\t<div class=\"elementor-element elementor-element-1203a48 elementor-widget elementor-widget-image\" data-id=\"1203a48\" data-element_type=\"widget\" data-e-type=\"widget\" data-widget_type=\"image.default\">\n\t\t\t\t<div class=\"elementor-widget-container\">\n\t\t\t\t\t\t\t\t\t\t\t\t\t\t\t<img fetchpriority=\"high\" decoding=\"async\" width=\"525\" height=\"525\" src=\"https:\/\/hotforgedbolt.com\/wp-content\/uploads\/2025\/09\/auto.jpg\" class=\"attachment-large size-large wp-image-8872\" alt=\"\" srcset=\"https:\/\/hotforgedbolt.com\/wp-content\/uploads\/2025\/09\/auto.jpg 1024w, https:\/\/hotforgedbolt.com\/wp-content\/uploads\/2025\/09\/auto-300x300.jpg 300w, https:\/\/hotforgedbolt.com\/wp-content\/uploads\/2025\/09\/auto-150x150.jpg 150w, https:\/\/hotforgedbolt.com\/wp-content\/uploads\/2025\/09\/auto-768x768.jpg 768w, https:\/\/hotforgedbolt.com\/wp-content\/uploads\/2025\/09\/auto-70x70.jpg 70w, https:\/\/hotforgedbolt.com\/wp-content\/uploads\/2025\/09\/auto-370x370.jpg 370w, https:\/\/hotforgedbolt.com\/wp-content\/uploads\/2025\/09\/auto-140x140.jpg 140w, https:\/\/hotforgedbolt.com\/wp-content\/uploads\/2025\/09\/auto-90x90.jpg 90w, https:\/\/hotforgedbolt.com\/wp-content\/uploads\/2025\/09\/auto-170x170.jpg 170w, https:\/\/hotforgedbolt.com\/wp-content\/uploads\/2025\/09\/auto-348x348.jpg 348w, https:\/\/hotforgedbolt.com\/wp-content\/uploads\/2025\/09\/auto-100x100.jpg 100w\" sizes=\"(max-width: 525px) 100vw, 525px\" \/>\t\t\t\t\t\t\t\t\t\t\t\t\t\t\t<\/div>\n\t\t\t\t<\/div>\n\t\t\t\t<div class=\"elementor-element elementor-element-7443913 elementor-widget elementor-widget-heading\" data-id=\"7443913\" data-element_type=\"widget\" data-e-type=\"widget\" data-widget_type=\"heading.default\">\n\t\t\t\t<div class=\"elementor-widget-container\">\n\t\t\t\t\t<h4 class=\"elementor-heading-title elementor-size-default\">AUTOMOBILINDUSTRIE<\/h4>\t\t\t\t<\/div>\n\t\t\t\t<\/div>\n\t\t\t\t<div class=\"elementor-element elementor-element-fa6309f elementor-widget elementor-widget-text-editor\" data-id=\"fa6309f\" data-element_type=\"widget\" data-e-type=\"widget\" data-widget_type=\"text-editor.default\">\n\t\t\t\t<div class=\"elementor-widget-container\">\n\t\t\t\t\t\t\t\t\t<h3>Warmgeschmiedete Bolzen in der Automobilindustrie: Unverzichtbar f\u00fcr Leistung und Langlebigkeit<br \/><br \/><\/h3><p>In der <b>Automobilindustrie<\/b> sind <b>warmgeschmiedete Bolzen<\/b> wichtige Komponenten bei der Montage kritischer Fahrzeugteile wie Motoren, Fahrwerke, Federungssysteme und Getriebekomponenten. Diese Bolzen sind so konstruiert, dass sie extremen Bedingungen standhalten, darunter st\u00e4ndige Vibrationen, hohe Temperaturen und immense mechanische Belastungen, denen Fahrzeuge w\u00e4hrend des Betriebs ausgesetzt sind. Die <b>Festigkeit<\/b> und <b>Zuverl\u00e4ssigkeit<\/b> dieser Bolzen sind entscheidend daf\u00fcr, dass Fahrzeuge auch unter h\u00e4rtesten Bedingungen sicher und effektiv funktionieren.<\/p><p>Warmgeschmiedete Bolzen eignen sich hervorragend f\u00fcr die Verbindung von Fahrzeugteilen, die im Laufe der Zeit wiederholten Belastungen und Druck ausgesetzt sind. Durch ihre un\u00fcbertroffene <b>Festigkeit<\/b> und <b>Langlebigkeit<\/b> tragen diese Bolzen dazu bei, die strukturelle Integrit\u00e4t von Fahrzeugen zu erhalten und ihre langfristige Leistungsf\u00e4higkeit sicherzustellen. Ob zur Abst\u00fctzung des Fahrzeugrahmens oder zur Befestigung von Motorkomponenten \u2013 warmgeschmiedete Bolzen sorgen daf\u00fcr, dass jedes Fahrzeug auch unter anspruchsvollen Bedingungen optimal funktioniert.<\/p><p>Die in der Automobilfertigung erforderliche <b>Pr\u00e4zision<\/b> wird durch <b>warmgeschmiedete Schrauben<\/b> gew\u00e4hrleistet, die den strengen <b>ISO<\/b>-, <b>EN<\/b>&#8211; und <b>DIN<\/b>-Normen entsprechen. Diese branchenweit anerkannten Zertifizierungen best\u00e4tigen die Qualit\u00e4t der Schrauben und gew\u00e4hrleisten, dass sie den strengen Sicherheitsvorschriften entsprechen. Warmgeschmiedete Schrauben spielen eine entscheidende Rolle bei der Verringerung des Verschlei\u00dfes von Automobilteilen, der Verbesserung der Gesamtleistung von Fahrzeugen und der deutlichen Verl\u00e4ngerung der Lebensdauer von Komponenten.<br \/><br \/><\/p><h3>Die wichtigsten Vorteile von warmgeschmiedeten Schrauben im Automobilsektor:<br \/><br \/><\/h3><ul><li><b>Un\u00fcbertroffene Festigkeit und Haltbarkeit:<\/b> Warmgeschmiedete Bolzen sind so konstruiert, dass sie den extremen mechanischen Belastungen und hohen Temperaturen standhalten, die in Automobilanwendungen typisch sind.<\/li><li><b>Verbesserte Fahrzeugleistung:<\/b> Diese Bolzen tragen zu einem besseren Handling, mehr Stabilit\u00e4t und Sicherheit bei und sorgen daf\u00fcr, dass Fahrzeuge hohe Leistungsstandards erf\u00fcllen.<\/li><li><b>Langlebigkeit und Zuverl\u00e4ssigkeit:<\/b> Durch die Verringerung des Verschlei\u00dfes tragen warmgeschmiedete Bolzen dazu bei, die Lebensdauer wichtiger Automobilteile zu verl\u00e4ngern und die Wartungskosten im Laufe der Zeit zu senken.<\/li><li><b>Strikte Einhaltung der Industriestandards:<\/b> Unsere warmgeschmiedeten Bolzen werden gem\u00e4\u00df den ISO-, EN- und DIN-Normen hergestellt und erf\u00fcllen somit die h\u00f6chsten Sicherheits- und Qualit\u00e4tsanforderungen.<\/li><\/ul><p><b>Warmgeschmiedete Bolzen<\/b> sind das R\u00fcckgrat der <b>Automobilherstellung<\/b> und sorgen daf\u00fcr, dass Ihre Fahrzeuge langlebig sind und unter allen Bedingungen ihre beste Leistung erbringen.<\/p>\t\t\t\t\t\t\t\t<\/div>\n\t\t\t\t<\/div>\n\t\t\t\t<\/div>\n\t\t\t\t\t<\/div>\n\t\t\t\t<\/div>\n\t\t\t\t<\/div>\n\t\t","protected":false},"excerpt":{"rendered":"<p>Automobilindustrie Industrien Automobilindustrie Energie-Sektor \u00d6l-und Gas-Industrie Schwere Maschinen und Bau Luft-Und Raumfahrt-Industrie Stahlindustrie Brochures Download.pdf Wie k\u00f6nnen wir Ihnen helfen? +90 542 794 794 6 info@hotforgedbolt.com AUTOMOBILINDUSTRIE Warmgeschmiedete Bolzen in der Automobilindustrie: Unverzichtbar f\u00fcr Leistung und Langlebigkeit In der Automobilindustrie sind warmgeschmiedete Bolzen wichtige Komponenten bei der Montage kritischer Fahrzeugteile wie Motoren, Fahrwerke, Federungssysteme und [&hellip;]<\/p>\n","protected":false},"author":1,"featured_media":0,"parent":8868,"menu_order":0,"comment_status":"closed","ping_status":"closed","template":"elementor_header_footer","meta":{"footnotes":""},"class_list":["post-8529","page","type-page","status-publish","hentry"],"_links":{"self":[{"href":"https:\/\/hotforgedbolt.com\/de\/wp-json\/wp\/v2\/pages\/8529","targetHints":{"allow":["GET"]}}],"collection":[{"href":"https:\/\/hotforgedbolt.com\/de\/wp-json\/wp\/v2\/pages"}],"about":[{"href":"https:\/\/hotforgedbolt.com\/de\/wp-json\/wp\/v2\/types\/page"}],"author":[{"embeddable":true,"href":"https:\/\/hotforgedbolt.com\/de\/wp-json\/wp\/v2\/users\/1"}],"replies":[{"embeddable":true,"href":"https:\/\/hotforgedbolt.com\/de\/wp-json\/wp\/v2\/comments?post=8529"}],"version-history":[{"count":14,"href":"https:\/\/hotforgedbolt.com\/de\/wp-json\/wp\/v2\/pages\/8529\/revisions"}],"predecessor-version":[{"id":8880,"href":"https:\/\/hotforgedbolt.com\/de\/wp-json\/wp\/v2\/pages\/8529\/revisions\/8880"}],"up":[{"embeddable":true,"href":"https:\/\/hotforgedbolt.com\/de\/wp-json\/wp\/v2\/pages\/8868"}],"wp:attachment":[{"href":"https:\/\/hotforgedbolt.com\/de\/wp-json\/wp\/v2\/media?parent=8529"}],"curies":[{"name":"wp","href":"https:\/\/api.w.org\/{rel}","templated":true}]}}