{"id":8571,"date":"2025-09-04T19:04:29","date_gmt":"2025-09-04T19:04:29","guid":{"rendered":"https:\/\/hotforgedbolt.com\/oil-and-gas-industry\/"},"modified":"2025-09-14T13:19:30","modified_gmt":"2025-09-14T13:19:30","slug":"oil-and-gas-industry","status":"publish","type":"page","link":"https:\/\/hotforgedbolt.com\/de\/industrien\/oil-and-gas-industry\/","title":{"rendered":"\u00d6l-und Gas-Industrie"},"content":{"rendered":"\t\t<div data-elementor-type=\"wp-page\" data-elementor-id=\"8571\" class=\"elementor elementor-8571 elementor-7612\" data-elementor-post-type=\"page\">\n\t\t\t\t<div class=\"elementor-element elementor-element-6e407c3d e-con-full e-flex e-con e-parent\" data-id=\"6e407c3d\" data-element_type=\"container\" data-e-type=\"container\" data-settings=\"{&quot;background_background&quot;:&quot;classic&quot;}\">\n\t\t\t\t<div class=\"elementor-element elementor-element-2e32d118 elementor-widget elementor-widget-heading\" data-id=\"2e32d118\" data-element_type=\"widget\" data-e-type=\"widget\" data-widget_type=\"heading.default\">\n\t\t\t\t<div class=\"elementor-widget-container\">\n\t\t\t\t\t<h2 class=\"elementor-heading-title elementor-size-default\">\u00d6L-UND GAS-INDUSTRIE<\/h2>\t\t\t\t<\/div>\n\t\t\t\t<\/div>\n\t\t\t\t<\/div>\n\t\t<div class=\"elementor-element elementor-element-bd21efd e-flex e-con-boxed e-con e-parent\" data-id=\"bd21efd\" data-element_type=\"container\" data-e-type=\"container\">\n\t\t\t\t\t<div class=\"e-con-inner\">\n\t\t<div class=\"elementor-element elementor-element-2001015 e-con-full e-flex e-con e-child\" data-id=\"2001015\" data-element_type=\"container\" data-e-type=\"container\">\n\t\t<div class=\"elementor-element elementor-element-753af8d e-con-full e-flex e-con e-child\" data-id=\"753af8d\" data-element_type=\"container\" data-e-type=\"container\" data-settings=\"{&quot;background_background&quot;:&quot;classic&quot;}\">\n\t\t\t\t<div class=\"elementor-element elementor-element-7debd65 elementor-widget elementor-widget-heading\" data-id=\"7debd65\" data-element_type=\"widget\" data-e-type=\"widget\" data-widget_type=\"heading.default\">\n\t\t\t\t<div class=\"elementor-widget-container\">\n\t\t\t\t\t<h2 class=\"elementor-heading-title elementor-size-default\">Industrien<\/h2>\t\t\t\t<\/div>\n\t\t\t\t<\/div>\n\t\t<div class=\"elementor-element elementor-element-9ff9dae e-con-full e-flex e-con e-child\" data-id=\"9ff9dae\" data-element_type=\"container\" data-e-type=\"container\">\n\t\t\t\t<div class=\"elementor-element elementor-element-c92d692 elementor-align-justify elementor-widget elementor-widget-button\" data-id=\"c92d692\" data-element_type=\"widget\" data-e-type=\"widget\" data-widget_type=\"button.default\">\n\t\t\t\t<div class=\"elementor-widget-container\">\n\t\t\t\t\t\t\t\t\t<div class=\"elementor-button-wrapper\">\n\t\t\t\t\t<a class=\"elementor-button elementor-button-link elementor-size-sm\" href=\"https:\/\/hotforgedbolt.com\/de\/automobilindustrie\/\">\n\t\t\t\t\t\t<span class=\"elementor-button-content-wrapper\">\n\t\t\t\t\t\t<span class=\"elementor-button-icon\">\n\t\t\t\t<svg aria-hidden=\"true\" class=\"e-font-icon-svg e-fas-chevron-right\" viewBox=\"0 0 320 512\" xmlns=\"http:\/\/www.w3.org\/2000\/svg\"><path d=\"M285.476 272.971L91.132 467.314c-9.373 9.373-24.569 9.373-33.941 0l-22.667-22.667c-9.357-9.357-9.375-24.522-.04-33.901L188.505 256 34.484 101.255c-9.335-9.379-9.317-24.544.04-33.901l22.667-22.667c9.373-9.373 24.569-9.373 33.941 0L285.475 239.03c9.373 9.372 9.373 24.568.001 33.941z\"><\/path><\/svg>\t\t\t<\/span>\n\t\t\t\t\t\t\t\t\t<span class=\"elementor-button-text\">Automobilindustrie<\/span>\n\t\t\t\t\t<\/span>\n\t\t\t\t\t<\/a>\n\t\t\t\t<\/div>\n\t\t\t\t\t\t\t\t<\/div>\n\t\t\t\t<\/div>\n\t\t\t\t<div class=\"elementor-element elementor-element-801a7b1 elementor-align-justify elementor-widget elementor-widget-button\" data-id=\"801a7b1\" data-element_type=\"widget\" data-e-type=\"widget\" data-widget_type=\"button.default\">\n\t\t\t\t<div class=\"elementor-widget-container\">\n\t\t\t\t\t\t\t\t\t<div class=\"elementor-button-wrapper\">\n\t\t\t\t\t<a class=\"elementor-button elementor-button-link elementor-size-sm\" href=\"https:\/\/hotforgedbolt.com\/de\/energy-sector\/\">\n\t\t\t\t\t\t<span class=\"elementor-button-content-wrapper\">\n\t\t\t\t\t\t<span class=\"elementor-button-icon\">\n\t\t\t\t<svg aria-hidden=\"true\" class=\"e-font-icon-svg e-fas-chevron-right\" viewBox=\"0 0 320 512\" xmlns=\"http:\/\/www.w3.org\/2000\/svg\"><path d=\"M285.476 272.971L91.132 467.314c-9.373 9.373-24.569 9.373-33.941 0l-22.667-22.667c-9.357-9.357-9.375-24.522-.04-33.901L188.505 256 34.484 101.255c-9.335-9.379-9.317-24.544.04-33.901l22.667-22.667c9.373-9.373 24.569-9.373 33.941 0L285.475 239.03c9.373 9.372 9.373 24.568.001 33.941z\"><\/path><\/svg>\t\t\t<\/span>\n\t\t\t\t\t\t\t\t\t<span class=\"elementor-button-text\">Energy Sector<\/span>\n\t\t\t\t\t<\/span>\n\t\t\t\t\t<\/a>\n\t\t\t\t<\/div>\n\t\t\t\t\t\t\t\t<\/div>\n\t\t\t\t<\/div>\n\t\t\t\t<div class=\"elementor-element elementor-element-1e68e1e elementor-align-justify elementor-widget elementor-widget-button\" data-id=\"1e68e1e\" data-element_type=\"widget\" data-e-type=\"widget\" data-widget_type=\"button.default\">\n\t\t\t\t<div class=\"elementor-widget-container\">\n\t\t\t\t\t\t\t\t\t<div class=\"elementor-button-wrapper\">\n\t\t\t\t\t<a class=\"elementor-button elementor-button-link elementor-size-sm\" href=\"https:\/\/hotforgedbolt.com\/oi-und-gas-industrie\/\">\n\t\t\t\t\t\t<span class=\"elementor-button-content-wrapper\">\n\t\t\t\t\t\t<span class=\"elementor-button-icon\">\n\t\t\t\t<svg aria-hidden=\"true\" class=\"e-font-icon-svg e-fas-chevron-right\" viewBox=\"0 0 320 512\" xmlns=\"http:\/\/www.w3.org\/2000\/svg\"><path d=\"M285.476 272.971L91.132 467.314c-9.373 9.373-24.569 9.373-33.941 0l-22.667-22.667c-9.357-9.357-9.375-24.522-.04-33.901L188.505 256 34.484 101.255c-9.335-9.379-9.317-24.544.04-33.901l22.667-22.667c9.373-9.373 24.569-9.373 33.941 0L285.475 239.03c9.373 9.372 9.373 24.568.001 33.941z\"><\/path><\/svg>\t\t\t<\/span>\n\t\t\t\t\t\t\t\t\t<span class=\"elementor-button-text\">\u00d6l-und Gas-Industrie<\/span>\n\t\t\t\t\t<\/span>\n\t\t\t\t\t<\/a>\n\t\t\t\t<\/div>\n\t\t\t\t\t\t\t\t<\/div>\n\t\t\t\t<\/div>\n\t\t\t\t<div class=\"elementor-element elementor-element-2cd990a elementor-align-justify elementor-widget elementor-widget-button\" data-id=\"2cd990a\" data-element_type=\"widget\" data-e-type=\"widget\" data-widget_type=\"button.default\">\n\t\t\t\t<div class=\"elementor-widget-container\">\n\t\t\t\t\t\t\t\t\t<div class=\"elementor-button-wrapper\">\n\t\t\t\t\t<a class=\"elementor-button elementor-button-link elementor-size-sm\" href=\"https:\/\/hotforgedbolt.com\/de\/schwere%20maschinen%20und%20bau\/\">\n\t\t\t\t\t\t<span class=\"elementor-button-content-wrapper\">\n\t\t\t\t\t\t<span class=\"elementor-button-icon\">\n\t\t\t\t<svg aria-hidden=\"true\" class=\"e-font-icon-svg e-fas-chevron-right\" viewBox=\"0 0 320 512\" xmlns=\"http:\/\/www.w3.org\/2000\/svg\"><path d=\"M285.476 272.971L91.132 467.314c-9.373 9.373-24.569 9.373-33.941 0l-22.667-22.667c-9.357-9.357-9.375-24.522-.04-33.901L188.505 256 34.484 101.255c-9.335-9.379-9.317-24.544.04-33.901l22.667-22.667c9.373-9.373 24.569-9.373 33.941 0L285.475 239.03c9.373 9.372 9.373 24.568.001 33.941z\"><\/path><\/svg>\t\t\t<\/span>\n\t\t\t\t\t\t\t\t\t<span class=\"elementor-button-text\">Schwere Maschinen und Bau<\/span>\n\t\t\t\t\t<\/span>\n\t\t\t\t\t<\/a>\n\t\t\t\t<\/div>\n\t\t\t\t\t\t\t\t<\/div>\n\t\t\t\t<\/div>\n\t\t\t\t<div class=\"elementor-element elementor-element-f4d8dab elementor-align-justify elementor-widget elementor-widget-button\" data-id=\"f4d8dab\" data-element_type=\"widget\" data-e-type=\"widget\" data-widget_type=\"button.default\">\n\t\t\t\t<div class=\"elementor-widget-container\">\n\t\t\t\t\t\t\t\t\t<div class=\"elementor-button-wrapper\">\n\t\t\t\t\t<a class=\"elementor-button elementor-button-link elementor-size-sm\" href=\"https:\/\/hotforgedbolt.com\/de\/luft-und%20raumfahrt-Industrie\/\">\n\t\t\t\t\t\t<span class=\"elementor-button-content-wrapper\">\n\t\t\t\t\t\t<span class=\"elementor-button-icon\">\n\t\t\t\t<svg aria-hidden=\"true\" class=\"e-font-icon-svg e-fas-chevron-right\" viewBox=\"0 0 320 512\" xmlns=\"http:\/\/www.w3.org\/2000\/svg\"><path d=\"M285.476 272.971L91.132 467.314c-9.373 9.373-24.569 9.373-33.941 0l-22.667-22.667c-9.357-9.357-9.375-24.522-.04-33.901L188.505 256 34.484 101.255c-9.335-9.379-9.317-24.544.04-33.901l22.667-22.667c9.373-9.373 24.569-9.373 33.941 0L285.475 239.03c9.373 9.372 9.373 24.568.001 33.941z\"><\/path><\/svg>\t\t\t<\/span>\n\t\t\t\t\t\t\t\t\t<span class=\"elementor-button-text\">Luft-Und Raumfahrt-Industrie<\/span>\n\t\t\t\t\t<\/span>\n\t\t\t\t\t<\/a>\n\t\t\t\t<\/div>\n\t\t\t\t\t\t\t\t<\/div>\n\t\t\t\t<\/div>\n\t\t\t\t<div class=\"elementor-element elementor-element-6938fb2 elementor-align-justify elementor-widget elementor-widget-button\" data-id=\"6938fb2\" data-element_type=\"widget\" data-e-type=\"widget\" data-widget_type=\"button.default\">\n\t\t\t\t<div class=\"elementor-widget-container\">\n\t\t\t\t\t\t\t\t\t<div class=\"elementor-button-wrapper\">\n\t\t\t\t\t<a class=\"elementor-button elementor-button-link elementor-size-sm\" href=\"https:\/\/hotforgedbolt.com\/stahlindustrie\/\">\n\t\t\t\t\t\t<span class=\"elementor-button-content-wrapper\">\n\t\t\t\t\t\t<span class=\"elementor-button-icon\">\n\t\t\t\t<svg aria-hidden=\"true\" class=\"e-font-icon-svg e-fas-chevron-right\" viewBox=\"0 0 320 512\" xmlns=\"http:\/\/www.w3.org\/2000\/svg\"><path d=\"M285.476 272.971L91.132 467.314c-9.373 9.373-24.569 9.373-33.941 0l-22.667-22.667c-9.357-9.357-9.375-24.522-.04-33.901L188.505 256 34.484 101.255c-9.335-9.379-9.317-24.544.04-33.901l22.667-22.667c9.373-9.373 24.569-9.373 33.941 0L285.475 239.03c9.373 9.372 9.373 24.568.001 33.941z\"><\/path><\/svg>\t\t\t<\/span>\n\t\t\t\t\t\t\t\t\t<span class=\"elementor-button-text\">Stahlindustrie<\/span>\n\t\t\t\t\t<\/span>\n\t\t\t\t\t<\/a>\n\t\t\t\t<\/div>\n\t\t\t\t\t\t\t\t<\/div>\n\t\t\t\t<\/div>\n\t\t\t\t<\/div>\n\t\t\t\t<\/div>\n\t\t<div class=\"elementor-element elementor-element-748d076 e-con-full e-flex e-con e-child\" data-id=\"748d076\" data-element_type=\"container\" data-e-type=\"container\" data-settings=\"{&quot;background_background&quot;:&quot;classic&quot;}\">\n\t\t\t\t<div class=\"elementor-element elementor-element-9de8ad8 elementor-widget elementor-widget-heading\" data-id=\"9de8ad8\" data-element_type=\"widget\" data-e-type=\"widget\" data-widget_type=\"heading.default\">\n\t\t\t\t<div class=\"elementor-widget-container\">\n\t\t\t\t\t<h2 class=\"elementor-heading-title elementor-size-default\">Brochures<\/h2>\t\t\t\t<\/div>\n\t\t\t\t<\/div>\n\t\t<a class=\"elementor-element elementor-element-3ea4b25 e-con-full e-flex e-con e-child\" data-id=\"3ea4b25\" data-element_type=\"container\" data-e-type=\"container\" href=\"#\">\n\t\t<div class=\"elementor-element elementor-element-dced00b e-con-full e-flex e-con e-child\" data-id=\"dced00b\" data-element_type=\"container\" data-e-type=\"container\" data-settings=\"{&quot;background_background&quot;:&quot;classic&quot;}\">\n\t\t\t\t<div class=\"elementor-element elementor-element-acc3002 elementor-view-default elementor-widget elementor-widget-icon\" data-id=\"acc3002\" data-element_type=\"widget\" data-e-type=\"widget\" data-widget_type=\"icon.default\">\n\t\t\t\t<div class=\"elementor-widget-container\">\n\t\t\t\t\t\t\t<div class=\"elementor-icon-wrapper\">\n\t\t\t<div class=\"elementor-icon\">\n\t\t\t<svg aria-hidden=\"true\" class=\"e-font-icon-svg e-far-file-alt\" viewBox=\"0 0 384 512\" xmlns=\"http:\/\/www.w3.org\/2000\/svg\"><path d=\"M288 248v28c0 6.6-5.4 12-12 12H108c-6.6 0-12-5.4-12-12v-28c0-6.6 5.4-12 12-12h168c6.6 0 12 5.4 12 12zm-12 72H108c-6.6 0-12 5.4-12 12v28c0 6.6 5.4 12 12 12h168c6.6 0 12-5.4 12-12v-28c0-6.6-5.4-12-12-12zm108-188.1V464c0 26.5-21.5 48-48 48H48c-26.5 0-48-21.5-48-48V48C0 21.5 21.5 0 48 0h204.1C264.8 0 277 5.1 286 14.1L369.9 98c9 8.9 14.1 21.2 14.1 33.9zm-128-80V128h76.1L256 51.9zM336 464V176H232c-13.3 0-24-10.7-24-24V48H48v416h288z\"><\/path><\/svg>\t\t\t<\/div>\n\t\t<\/div>\n\t\t\t\t\t\t<\/div>\n\t\t\t\t<\/div>\n\t\t\t\t<\/div>\n\t\t<div class=\"elementor-element elementor-element-6b981d4 e-con-full e-flex e-con e-child\" data-id=\"6b981d4\" data-element_type=\"container\" data-e-type=\"container\" data-settings=\"{&quot;background_background&quot;:&quot;classic&quot;}\">\n\t\t\t\t<div class=\"elementor-element elementor-element-a2d5316 elementor-widget elementor-widget-heading\" data-id=\"a2d5316\" data-element_type=\"widget\" data-e-type=\"widget\" data-widget_type=\"heading.default\">\n\t\t\t\t<div class=\"elementor-widget-container\">\n\t\t\t\t\t<h2 class=\"elementor-heading-title elementor-size-default\">Download.txt<\/h2>\t\t\t\t<\/div>\n\t\t\t\t<\/div>\n\t\t\t\t<\/div>\n\t\t\t\t<\/a>\n\t\t\t\t<\/div>\n\t\t<div class=\"elementor-element elementor-element-3b9b6a5 e-con-full e-flex e-con e-child\" data-id=\"3b9b6a5\" data-element_type=\"container\" data-e-type=\"container\" data-settings=\"{&quot;background_background&quot;:&quot;classic&quot;}\">\n\t\t<div class=\"elementor-element elementor-element-5f75e62 e-con-full e-flex e-con e-child\" data-id=\"5f75e62\" data-element_type=\"container\" data-e-type=\"container\" data-settings=\"{&quot;background_background&quot;:&quot;classic&quot;}\">\n\t\t\t\t<div class=\"elementor-element elementor-element-f3ce552 elementor-view-stacked elementor-shape-circle elementor-position-block-start elementor-mobile-position-block-start elementor-widget elementor-widget-icon-box\" data-id=\"f3ce552\" data-element_type=\"widget\" data-e-type=\"widget\" data-widget_type=\"icon-box.default\">\n\t\t\t\t<div class=\"elementor-widget-container\">\n\t\t\t\t\t\t\t<div class=\"elementor-icon-box-wrapper\">\n\n\t\t\t\t\t\t<div class=\"elementor-icon-box-icon\">\n\t\t\t\t<span  class=\"elementor-icon\">\n\t\t\t\t<svg aria-hidden=\"true\" class=\"e-font-icon-svg e-fas-headset\" viewBox=\"0 0 512 512\" xmlns=\"http:\/\/www.w3.org\/2000\/svg\"><path d=\"M192 208c0-17.67-14.33-32-32-32h-16c-35.35 0-64 28.65-64 64v48c0 35.35 28.65 64 64 64h16c17.67 0 32-14.33 32-32V208zm176 144c35.35 0 64-28.65 64-64v-48c0-35.35-28.65-64-64-64h-16c-17.67 0-32 14.33-32 32v112c0 17.67 14.33 32 32 32h16zM256 0C113.18 0 4.58 118.83 0 256v16c0 8.84 7.16 16 16 16h16c8.84 0 16-7.16 16-16v-16c0-114.69 93.31-208 208-208s208 93.31 208 208h-.12c.08 2.43.12 165.72.12 165.72 0 23.35-18.93 42.28-42.28 42.28H320c0-26.51-21.49-48-48-48h-32c-26.51 0-48 21.49-48 48s21.49 48 48 48h181.72c49.86 0 90.28-40.42 90.28-90.28V256C507.42 118.83 398.82 0 256 0z\"><\/path><\/svg>\t\t\t\t<\/span>\n\t\t\t<\/div>\n\t\t\t\n\t\t\t\t\t\t<div class=\"elementor-icon-box-content\">\n\n\t\t\t\t\t\t\t\t\t<h3 class=\"elementor-icon-box-title\">\n\t\t\t\t\t\t<span  >\n\t\t\t\t\t\t\tWie K\u00f6nnen Wir Helfen?\t\t\t\t\t\t<\/span>\n\t\t\t\t\t<\/h3>\n\t\t\t\t\n\t\t\t\t\n\t\t\t<\/div>\n\t\t\t\n\t\t<\/div>\n\t\t\t\t\t\t<\/div>\n\t\t\t\t<\/div>\n\t\t\t\t<div class=\"elementor-element elementor-element-18de022 elementor-align-center elementor-icon-list--layout-traditional elementor-list-item-link-full_width elementor-widget elementor-widget-icon-list\" data-id=\"18de022\" data-element_type=\"widget\" data-e-type=\"widget\" data-widget_type=\"icon-list.default\">\n\t\t\t\t<div class=\"elementor-widget-container\">\n\t\t\t\t\t\t\t<ul class=\"elementor-icon-list-items\">\n\t\t\t\t\t\t\t<li class=\"elementor-icon-list-item\">\n\t\t\t\t\t\t\t\t\t\t\t<span class=\"elementor-icon-list-icon\">\n\t\t\t\t\t\t\t<i aria-hidden=\"true\" class=\"icon icon-phone-call\"><\/i>\t\t\t\t\t\t<\/span>\n\t\t\t\t\t\t\t\t\t\t<span class=\"elementor-icon-list-text\">(+44) 123 456 789<\/span>\n\t\t\t\t\t\t\t\t\t<\/li>\n\t\t\t\t\t\t\t\t<li class=\"elementor-icon-list-item\">\n\t\t\t\t\t\t\t\t\t\t\t<span class=\"elementor-icon-list-icon\">\n\t\t\t\t\t\t\t<i aria-hidden=\"true\" class=\"icon icon-email1\"><\/i>\t\t\t\t\t\t<\/span>\n\t\t\t\t\t\t\t\t\t\t<span class=\"elementor-icon-list-text\">info@hotforgedbolt.com<\/span>\n\t\t\t\t\t\t\t\t\t<\/li>\n\t\t\t\t\t\t<\/ul>\n\t\t\t\t\t\t<\/div>\n\t\t\t\t<\/div>\n\t\t\t\t<\/div>\n\t\t\t\t<\/div>\n\t\t\t\t<\/div>\n\t\t<div class=\"elementor-element elementor-element-dfddad3 e-con-full e-flex e-con e-child\" data-id=\"dfddad3\" data-element_type=\"container\" data-e-type=\"container\">\n\t\t\t\t<div class=\"elementor-element elementor-element-779682d elementor-widget elementor-widget-image\" data-id=\"779682d\" data-element_type=\"widget\" data-e-type=\"widget\" data-widget_type=\"image.default\">\n\t\t\t\t<div class=\"elementor-widget-container\">\n\t\t\t\t\t\t\t\t\t\t\t\t\t\t\t<img fetchpriority=\"high\" decoding=\"async\" width=\"525\" height=\"525\" src=\"https:\/\/hotforgedbolt.com\/wp-content\/uploads\/2025\/09\/oil.jpg\" class=\"attachment-large size-large wp-image-8924\" alt=\"\" srcset=\"https:\/\/hotforgedbolt.com\/wp-content\/uploads\/2025\/09\/oil.jpg 1024w, https:\/\/hotforgedbolt.com\/wp-content\/uploads\/2025\/09\/oil-300x300.jpg 300w, https:\/\/hotforgedbolt.com\/wp-content\/uploads\/2025\/09\/oil-150x150.jpg 150w, https:\/\/hotforgedbolt.com\/wp-content\/uploads\/2025\/09\/oil-768x768.jpg 768w, https:\/\/hotforgedbolt.com\/wp-content\/uploads\/2025\/09\/oil-70x70.jpg 70w, https:\/\/hotforgedbolt.com\/wp-content\/uploads\/2025\/09\/oil-370x370.jpg 370w, https:\/\/hotforgedbolt.com\/wp-content\/uploads\/2025\/09\/oil-140x140.jpg 140w, https:\/\/hotforgedbolt.com\/wp-content\/uploads\/2025\/09\/oil-90x90.jpg 90w, https:\/\/hotforgedbolt.com\/wp-content\/uploads\/2025\/09\/oil-170x170.jpg 170w, https:\/\/hotforgedbolt.com\/wp-content\/uploads\/2025\/09\/oil-348x348.jpg 348w, https:\/\/hotforgedbolt.com\/wp-content\/uploads\/2025\/09\/oil-100x100.jpg 100w\" sizes=\"(max-width: 525px) 100vw, 525px\" \/>\t\t\t\t\t\t\t\t\t\t\t\t\t\t\t<\/div>\n\t\t\t\t<\/div>\n\t\t\t\t<div class=\"elementor-element elementor-element-ae71a86 elementor-widget elementor-widget-heading\" data-id=\"ae71a86\" data-element_type=\"widget\" data-e-type=\"widget\" data-widget_type=\"heading.default\">\n\t\t\t\t<div class=\"elementor-widget-container\">\n\t\t\t\t\t<h4 class=\"elementor-heading-title elementor-size-default\">\u00d6L-UND GAS-INDUSTRIE<\/h4>\t\t\t\t<\/div>\n\t\t\t\t<\/div>\n\t\t\t\t<div class=\"elementor-element elementor-element-b070b0d elementor-widget elementor-widget-text-editor\" data-id=\"b070b0d\" data-element_type=\"widget\" data-e-type=\"widget\" data-widget_type=\"text-editor.default\">\n\t\t\t\t<div class=\"elementor-widget-container\">\n\t\t\t\t\t\t\t\t\t<h3><strong>Warmgeschmiedete Bolzen in der \u00d6l- und Gasindustrie: Gew\u00e4hrleistung von Sicherheit, Zuverl\u00e4ssigkeit und Langlebigkeit<\/strong><\/h3>\n<p>In der <b>\u00d6l- und Gasindustrie<\/b> ist die Verwendung von <b>warmgeschmiedeten Bolzen<\/b> f\u00fcr die Befestigung kritischer Ausr\u00fcstung sowohl auf <b>Offshore-Plattformen<\/b> als auch auf <b>Onshore-Bohrinseln<\/b> unerl\u00e4sslich. Diese Bolzen sind so konstruiert, dass sie einigen der h\u00e4rtesten Bedingungen standhalten, darunter <b>korrosive Umgebungen<\/b>, <b>extreme Dr\u00fccke<\/b> und <b>Temperaturschwankungen<\/b>. Ob f\u00fcr den <b>Pipelinebau<\/b>, den <b>Raffineriebetrieb<\/b> oder <b>Offshore-Plattformen<\/b>\u2013 Bolzen m\u00fcssen <b>maximale Zuverl\u00e4ssigkeit<\/b> garantieren, um Ausf\u00e4lle zu verhindern, die katastrophale Folgen haben k\u00f6nnten.<\/p>\n<p><b>Langlebigkeit und Korrosionsbest\u00e4ndigkeit f\u00fcr kritische \u00d6l- und Gasinfrastrukturen<\/b><\/p>\n<p><b>Warmgeschmiedete Bolzen<\/b> sind so konstruiert, dass sie den h\u00f6chsten Standards in Bezug auf <b>Festigkeit<\/b> und <b>Korrosionsbest\u00e4ndigkeit<\/b> entsprechen und sicherstellen, dass die <b>Integrit\u00e4t<\/b> der <b>\u00d6l- und Gasinfrastruktur<\/b> auch unter den schwierigsten Bedingungen nicht beeintr\u00e4chtigt wird. Diese Bolzen sind f\u00fcr den Einsatz in extremen Umgebungen ausgelegt und spielen eine wichtige Rolle bei der Aufrechterhaltung der Betriebssicherheit und Effizienz kritischer Systeme.<\/p>\n<h3><b>Die wichtigsten Vorteile von warmgeschmiedeten Bolzen in der \u00d6l- und Gasindustrie<\/b>:<\/h3>\n<p><\/p>\n<ul>\n<li><b>Au\u00dfergew\u00f6hnliche Festigkeit und Haltbarkeit<\/b>: Warmgeschmiedete Bolzen bieten eine hervorragende mechanische Festigkeit und sind daher ideal f\u00fcr anspruchsvolle Anwendungen im \u00d6l- und Gassektor geeignet.<\/li>\n<li><b>Korrosionsbest\u00e4ndigkeit<\/b>: Diese Bolzen sind so konstruiert, dass sie korrosiven Umgebungen standhalten und die Langlebigkeit der Infrastruktur unter rauen Offshore- und Onshore-Bedingungen gew\u00e4hrleisten.<\/li>\n<li><b>Leckagevermeidung<\/b>: Durch die Aufrechterhaltung der Systemintegrit\u00e4t sind warmgeschmiedete Bolzen von entscheidender Bedeutung f\u00fcr die Verhinderung gef\u00e4hrlicher Systemleckagen und den Schutz von Personal und Anlagen.<\/li>\n<li><b>Einhaltung von Industriestandards<\/b>: Warmgeschmiedete Bolzen entsprechen den <b>ISO<\/b>-, <b>EN<\/b>&#8211; und <b>DIN-Normen<\/b>und garantieren hohe Leistung und Zuverl\u00e4ssigkeit in kritischen Anwendungen.<\/li>\n<li><b>Verbesserte Betriebseffizienz<\/b>: Diese Hochleistungsschrauben tragen zur Effizienz der Produktionsprozesse bei und reduzieren Ausfallzeiten und Wartungskosten.<\/li>\n<\/ul>\n<p><b>Sicherheit und Effizienz in der \u00d6l- und Gasindustrie<\/b><\/p>\n<p>In der <b>\u00d6l- und Gasindustrie<\/b>, wo Sicherheit und Zuverl\u00e4ssigkeit an erster Stelle stehen, sind <b>warmgeschmiedete Schrauben<\/b> unverzichtbar. Ihre F\u00e4higkeit, <b>extremen Umgebungsbedingungen<\/b> und <b>mechanischen Belastungen<\/b>standzuhalten, gew\u00e4hrleistet die <b>Sicherheit<\/b>, <b>Effizienz<\/b> und <b>Langlebigkeit<\/b> der \u00d6l- und Gasinfrastruktur, von <b>Offshore-Plattformen<\/b> bis hin zu <b>Pipeline-Netzwerken<\/b>.<\/p>\n<p>Durch die Sicherung wichtiger Anlagen tragen warmgeschmiedete Bolzen dazu bei, Betriebsausf\u00e4lle zu verhindern, Sicherheitsma\u00dfnahmen zu verbessern und die Systemintegrit\u00e4t aufrechtzuerhalten, wodurch das Risiko kostspieliger oder katastrophaler Zwischenf\u00e4lle im \u00d6l- und Gassektor verringert wird.<\/p>\n\t\t\t\t\t\t\t\t<\/div>\n\t\t\t\t<\/div>\n\t\t\t\t<\/div>\n\t\t\t\t\t<\/div>\n\t\t\t\t<\/div>\n\t\t\t\t<\/div>\n\t\t","protected":false},"excerpt":{"rendered":"<p>\u00d6L-UND GAS-INDUSTRIE Industrien Automobilindustrie Energy Sector \u00d6l-und Gas-Industrie Schwere Maschinen und Bau Luft-Und Raumfahrt-Industrie Stahlindustrie Brochures Download.txt Wie K\u00f6nnen Wir Helfen? (+44) 123 456 789 info@hotforgedbolt.com \u00d6L-UND GAS-INDUSTRIE Warmgeschmiedete Bolzen in der \u00d6l- und Gasindustrie: Gew\u00e4hrleistung von Sicherheit, Zuverl\u00e4ssigkeit und Langlebigkeit In der \u00d6l- und Gasindustrie ist die Verwendung von warmgeschmiedeten Bolzen f\u00fcr die Befestigung [&hellip;]<\/p>\n","protected":false},"author":1,"featured_media":0,"parent":8868,"menu_order":0,"comment_status":"closed","ping_status":"closed","template":"elementor_header_footer","meta":{"footnotes":""},"class_list":["post-8571","page","type-page","status-publish","hentry"],"_links":{"self":[{"href":"https:\/\/hotforgedbolt.com\/de\/wp-json\/wp\/v2\/pages\/8571","targetHints":{"allow":["GET"]}}],"collection":[{"href":"https:\/\/hotforgedbolt.com\/de\/wp-json\/wp\/v2\/pages"}],"about":[{"href":"https:\/\/hotforgedbolt.com\/de\/wp-json\/wp\/v2\/types\/page"}],"author":[{"embeddable":true,"href":"https:\/\/hotforgedbolt.com\/de\/wp-json\/wp\/v2\/users\/1"}],"replies":[{"embeddable":true,"href":"https:\/\/hotforgedbolt.com\/de\/wp-json\/wp\/v2\/comments?post=8571"}],"version-history":[{"count":5,"href":"https:\/\/hotforgedbolt.com\/de\/wp-json\/wp\/v2\/pages\/8571\/revisions"}],"predecessor-version":[{"id":8926,"href":"https:\/\/hotforgedbolt.com\/de\/wp-json\/wp\/v2\/pages\/8571\/revisions\/8926"}],"up":[{"embeddable":true,"href":"https:\/\/hotforgedbolt.com\/de\/wp-json\/wp\/v2\/pages\/8868"}],"wp:attachment":[{"href":"https:\/\/hotforgedbolt.com\/de\/wp-json\/wp\/v2\/media?parent=8571"}],"curies":[{"name":"wp","href":"https:\/\/api.w.org\/{rel}","templated":true}]}}