{"id":8584,"date":"2025-09-08T17:36:30","date_gmt":"2025-09-08T17:36:30","guid":{"rendered":"https:\/\/hotforgedbolt.com\/steel-industry\/"},"modified":"2025-09-14T13:28:46","modified_gmt":"2025-09-14T13:28:46","slug":"steel-industry","status":"publish","type":"page","link":"https:\/\/hotforgedbolt.com\/de\/industrien\/steel-industry\/","title":{"rendered":"Stahlindustrie"},"content":{"rendered":"\t\t<div data-elementor-type=\"wp-page\" data-elementor-id=\"8584\" class=\"elementor elementor-8584 elementor-8453\" data-elementor-post-type=\"page\">\n\t\t\t\t<div class=\"elementor-element elementor-element-6e407c3d e-con-full e-flex e-con e-parent\" data-id=\"6e407c3d\" data-element_type=\"container\" data-e-type=\"container\" data-settings=\"{&quot;background_background&quot;:&quot;classic&quot;}\">\n\t\t\t\t<div class=\"elementor-element elementor-element-2e32d118 elementor-widget elementor-widget-heading\" data-id=\"2e32d118\" data-element_type=\"widget\" data-e-type=\"widget\" data-widget_type=\"heading.default\">\n\t\t\t\t<div class=\"elementor-widget-container\">\n\t\t\t\t\t<h2 class=\"elementor-heading-title elementor-size-default\">Stahlindustrie<\/h2>\t\t\t\t<\/div>\n\t\t\t\t<\/div>\n\t\t\t\t<\/div>\n\t\t<div class=\"elementor-element elementor-element-b4bbd5a e-flex e-con-boxed e-con e-parent\" data-id=\"b4bbd5a\" data-element_type=\"container\" data-e-type=\"container\">\n\t\t\t\t\t<div class=\"e-con-inner\">\n\t\t<div class=\"elementor-element elementor-element-e5aaf0b e-con-full e-flex e-con e-child\" data-id=\"e5aaf0b\" data-element_type=\"container\" data-e-type=\"container\">\n\t\t<div class=\"elementor-element elementor-element-20bb34f e-con-full e-flex e-con e-child\" data-id=\"20bb34f\" data-element_type=\"container\" data-e-type=\"container\" data-settings=\"{&quot;background_background&quot;:&quot;classic&quot;}\">\n\t\t\t\t<div class=\"elementor-element elementor-element-a21d5bb elementor-widget elementor-widget-heading\" data-id=\"a21d5bb\" data-element_type=\"widget\" data-e-type=\"widget\" data-widget_type=\"heading.default\">\n\t\t\t\t<div class=\"elementor-widget-container\">\n\t\t\t\t\t<h2 class=\"elementor-heading-title elementor-size-default\">Industrien<\/h2>\t\t\t\t<\/div>\n\t\t\t\t<\/div>\n\t\t<div class=\"elementor-element elementor-element-01ec623 e-con-full e-flex e-con e-child\" data-id=\"01ec623\" data-element_type=\"container\" data-e-type=\"container\">\n\t\t\t\t<div class=\"elementor-element elementor-element-6c807d9 elementor-align-justify elementor-widget elementor-widget-button\" data-id=\"6c807d9\" data-element_type=\"widget\" data-e-type=\"widget\" data-widget_type=\"button.default\">\n\t\t\t\t<div class=\"elementor-widget-container\">\n\t\t\t\t\t\t\t\t\t<div class=\"elementor-button-wrapper\">\n\t\t\t\t\t<a class=\"elementor-button elementor-button-link elementor-size-sm\" href=\"https:\/\/hotforgedbolt.com\/de\/automobilindustrie\/\">\n\t\t\t\t\t\t<span class=\"elementor-button-content-wrapper\">\n\t\t\t\t\t\t<span class=\"elementor-button-icon\">\n\t\t\t\t<svg aria-hidden=\"true\" class=\"e-font-icon-svg e-fas-chevron-right\" viewBox=\"0 0 320 512\" xmlns=\"http:\/\/www.w3.org\/2000\/svg\"><path d=\"M285.476 272.971L91.132 467.314c-9.373 9.373-24.569 9.373-33.941 0l-22.667-22.667c-9.357-9.357-9.375-24.522-.04-33.901L188.505 256 34.484 101.255c-9.335-9.379-9.317-24.544.04-33.901l22.667-22.667c9.373-9.373 24.569-9.373 33.941 0L285.475 239.03c9.373 9.372 9.373 24.568.001 33.941z\"><\/path><\/svg>\t\t\t<\/span>\n\t\t\t\t\t\t\t\t\t<span class=\"elementor-button-text\">Automobilindustrie<\/span>\n\t\t\t\t\t<\/span>\n\t\t\t\t\t<\/a>\n\t\t\t\t<\/div>\n\t\t\t\t\t\t\t\t<\/div>\n\t\t\t\t<\/div>\n\t\t\t\t<div class=\"elementor-element elementor-element-128b437 elementor-align-justify elementor-widget elementor-widget-button\" data-id=\"128b437\" data-element_type=\"widget\" data-e-type=\"widget\" data-widget_type=\"button.default\">\n\t\t\t\t<div class=\"elementor-widget-container\">\n\t\t\t\t\t\t\t\t\t<div class=\"elementor-button-wrapper\">\n\t\t\t\t\t<a class=\"elementor-button elementor-button-link elementor-size-sm\" href=\"https:\/\/hotforgedbolt.com\/de\/energie-sektor\/\">\n\t\t\t\t\t\t<span class=\"elementor-button-content-wrapper\">\n\t\t\t\t\t\t<span class=\"elementor-button-icon\">\n\t\t\t\t<svg aria-hidden=\"true\" class=\"e-font-icon-svg e-fas-chevron-right\" viewBox=\"0 0 320 512\" xmlns=\"http:\/\/www.w3.org\/2000\/svg\"><path d=\"M285.476 272.971L91.132 467.314c-9.373 9.373-24.569 9.373-33.941 0l-22.667-22.667c-9.357-9.357-9.375-24.522-.04-33.901L188.505 256 34.484 101.255c-9.335-9.379-9.317-24.544.04-33.901l22.667-22.667c9.373-9.373 24.569-9.373 33.941 0L285.475 239.03c9.373 9.372 9.373 24.568.001 33.941z\"><\/path><\/svg>\t\t\t<\/span>\n\t\t\t\t\t\t\t\t\t<span class=\"elementor-button-text\">Energie Sektor<\/span>\n\t\t\t\t\t<\/span>\n\t\t\t\t\t<\/a>\n\t\t\t\t<\/div>\n\t\t\t\t\t\t\t\t<\/div>\n\t\t\t\t<\/div>\n\t\t\t\t<div class=\"elementor-element elementor-element-f9fe874 elementor-align-justify elementor-widget elementor-widget-button\" data-id=\"f9fe874\" data-element_type=\"widget\" data-e-type=\"widget\" data-widget_type=\"button.default\">\n\t\t\t\t<div class=\"elementor-widget-container\">\n\t\t\t\t\t\t\t\t\t<div class=\"elementor-button-wrapper\">\n\t\t\t\t\t<a class=\"elementor-button elementor-button-link elementor-size-sm\" href=\"https:\/\/hotforgedbolt.com\/ol-und-gas-industrie\/\">\n\t\t\t\t\t\t<span class=\"elementor-button-content-wrapper\">\n\t\t\t\t\t\t<span class=\"elementor-button-icon\">\n\t\t\t\t<svg aria-hidden=\"true\" class=\"e-font-icon-svg e-fas-chevron-right\" viewBox=\"0 0 320 512\" xmlns=\"http:\/\/www.w3.org\/2000\/svg\"><path d=\"M285.476 272.971L91.132 467.314c-9.373 9.373-24.569 9.373-33.941 0l-22.667-22.667c-9.357-9.357-9.375-24.522-.04-33.901L188.505 256 34.484 101.255c-9.335-9.379-9.317-24.544.04-33.901l22.667-22.667c9.373-9.373 24.569-9.373 33.941 0L285.475 239.03c9.373 9.372 9.373 24.568.001 33.941z\"><\/path><\/svg>\t\t\t<\/span>\n\t\t\t\t\t\t\t\t\t<span class=\"elementor-button-text\">\u00d6l-und Gas-Industrie<\/span>\n\t\t\t\t\t<\/span>\n\t\t\t\t\t<\/a>\n\t\t\t\t<\/div>\n\t\t\t\t\t\t\t\t<\/div>\n\t\t\t\t<\/div>\n\t\t\t\t<div class=\"elementor-element elementor-element-a1c6105 elementor-align-justify elementor-widget elementor-widget-button\" data-id=\"a1c6105\" data-element_type=\"widget\" data-e-type=\"widget\" data-widget_type=\"button.default\">\n\t\t\t\t<div class=\"elementor-widget-container\">\n\t\t\t\t\t\t\t\t\t<div class=\"elementor-button-wrapper\">\n\t\t\t\t\t<a class=\"elementor-button elementor-button-link elementor-size-sm\" href=\"https:\/\/hotforgedbolt.com\/de\/schwere%20Maschinen%20und%20Bau\/\">\n\t\t\t\t\t\t<span class=\"elementor-button-content-wrapper\">\n\t\t\t\t\t\t<span class=\"elementor-button-icon\">\n\t\t\t\t<svg aria-hidden=\"true\" class=\"e-font-icon-svg e-fas-chevron-right\" viewBox=\"0 0 320 512\" xmlns=\"http:\/\/www.w3.org\/2000\/svg\"><path d=\"M285.476 272.971L91.132 467.314c-9.373 9.373-24.569 9.373-33.941 0l-22.667-22.667c-9.357-9.357-9.375-24.522-.04-33.901L188.505 256 34.484 101.255c-9.335-9.379-9.317-24.544.04-33.901l22.667-22.667c9.373-9.373 24.569-9.373 33.941 0L285.475 239.03c9.373 9.372 9.373 24.568.001 33.941z\"><\/path><\/svg>\t\t\t<\/span>\n\t\t\t\t\t\t\t\t\t<span class=\"elementor-button-text\">Schwere Maschinen und Bau<\/span>\n\t\t\t\t\t<\/span>\n\t\t\t\t\t<\/a>\n\t\t\t\t<\/div>\n\t\t\t\t\t\t\t\t<\/div>\n\t\t\t\t<\/div>\n\t\t\t\t<div class=\"elementor-element elementor-element-88243c5 elementor-align-justify elementor-widget elementor-widget-button\" data-id=\"88243c5\" data-element_type=\"widget\" data-e-type=\"widget\" data-widget_type=\"button.default\">\n\t\t\t\t<div class=\"elementor-widget-container\">\n\t\t\t\t\t\t\t\t\t<div class=\"elementor-button-wrapper\">\n\t\t\t\t\t<a class=\"elementor-button elementor-button-link elementor-size-sm\" href=\"https:\/\/hotforgedbolt.com\/de\/luft-und%20raumfahrt-Industrie\/\">\n\t\t\t\t\t\t<span class=\"elementor-button-content-wrapper\">\n\t\t\t\t\t\t<span class=\"elementor-button-icon\">\n\t\t\t\t<svg aria-hidden=\"true\" class=\"e-font-icon-svg e-fas-chevron-right\" viewBox=\"0 0 320 512\" xmlns=\"http:\/\/www.w3.org\/2000\/svg\"><path d=\"M285.476 272.971L91.132 467.314c-9.373 9.373-24.569 9.373-33.941 0l-22.667-22.667c-9.357-9.357-9.375-24.522-.04-33.901L188.505 256 34.484 101.255c-9.335-9.379-9.317-24.544.04-33.901l22.667-22.667c9.373-9.373 24.569-9.373 33.941 0L285.475 239.03c9.373 9.372 9.373 24.568.001 33.941z\"><\/path><\/svg>\t\t\t<\/span>\n\t\t\t\t\t\t\t\t\t<span class=\"elementor-button-text\">Luft-Und Raumfahrt-Industrie<\/span>\n\t\t\t\t\t<\/span>\n\t\t\t\t\t<\/a>\n\t\t\t\t<\/div>\n\t\t\t\t\t\t\t\t<\/div>\n\t\t\t\t<\/div>\n\t\t\t\t<div class=\"elementor-element elementor-element-4a2624a elementor-align-justify elementor-widget elementor-widget-button\" data-id=\"4a2624a\" data-element_type=\"widget\" data-e-type=\"widget\" data-widget_type=\"button.default\">\n\t\t\t\t<div class=\"elementor-widget-container\">\n\t\t\t\t\t\t\t\t\t<div class=\"elementor-button-wrapper\">\n\t\t\t\t\t<a class=\"elementor-button elementor-button-link elementor-size-sm\" href=\"https:\/\/hotforgedbolt.com\/stahlindustrie\/\">\n\t\t\t\t\t\t<span class=\"elementor-button-content-wrapper\">\n\t\t\t\t\t\t<span class=\"elementor-button-icon\">\n\t\t\t\t<svg aria-hidden=\"true\" class=\"e-font-icon-svg e-fas-chevron-right\" viewBox=\"0 0 320 512\" xmlns=\"http:\/\/www.w3.org\/2000\/svg\"><path d=\"M285.476 272.971L91.132 467.314c-9.373 9.373-24.569 9.373-33.941 0l-22.667-22.667c-9.357-9.357-9.375-24.522-.04-33.901L188.505 256 34.484 101.255c-9.335-9.379-9.317-24.544.04-33.901l22.667-22.667c9.373-9.373 24.569-9.373 33.941 0L285.475 239.03c9.373 9.372 9.373 24.568.001 33.941z\"><\/path><\/svg>\t\t\t<\/span>\n\t\t\t\t\t\t\t\t\t<span class=\"elementor-button-text\">Stahlindustrie<\/span>\n\t\t\t\t\t<\/span>\n\t\t\t\t\t<\/a>\n\t\t\t\t<\/div>\n\t\t\t\t\t\t\t\t<\/div>\n\t\t\t\t<\/div>\n\t\t\t\t<\/div>\n\t\t\t\t<\/div>\n\t\t<div class=\"elementor-element elementor-element-ddf3a35 e-con-full e-flex e-con e-child\" data-id=\"ddf3a35\" data-element_type=\"container\" data-e-type=\"container\" data-settings=\"{&quot;background_background&quot;:&quot;classic&quot;}\">\n\t\t\t\t<div class=\"elementor-element elementor-element-c52b531 elementor-widget elementor-widget-heading\" data-id=\"c52b531\" data-element_type=\"widget\" data-e-type=\"widget\" data-widget_type=\"heading.default\">\n\t\t\t\t<div class=\"elementor-widget-container\">\n\t\t\t\t\t<h2 class=\"elementor-heading-title elementor-size-default\">Brochures<\/h2>\t\t\t\t<\/div>\n\t\t\t\t<\/div>\n\t\t<a class=\"elementor-element elementor-element-0d6112f e-con-full e-flex e-con e-child\" data-id=\"0d6112f\" data-element_type=\"container\" data-e-type=\"container\" href=\"#\">\n\t\t<div class=\"elementor-element elementor-element-b7d2594 e-con-full e-flex e-con e-child\" data-id=\"b7d2594\" data-element_type=\"container\" data-e-type=\"container\" data-settings=\"{&quot;background_background&quot;:&quot;classic&quot;}\">\n\t\t\t\t<div class=\"elementor-element elementor-element-2121916 elementor-view-default elementor-widget elementor-widget-icon\" data-id=\"2121916\" data-element_type=\"widget\" data-e-type=\"widget\" data-widget_type=\"icon.default\">\n\t\t\t\t<div class=\"elementor-widget-container\">\n\t\t\t\t\t\t\t<div class=\"elementor-icon-wrapper\">\n\t\t\t<div class=\"elementor-icon\">\n\t\t\t<svg aria-hidden=\"true\" class=\"e-font-icon-svg e-far-file-alt\" viewBox=\"0 0 384 512\" xmlns=\"http:\/\/www.w3.org\/2000\/svg\"><path d=\"M288 248v28c0 6.6-5.4 12-12 12H108c-6.6 0-12-5.4-12-12v-28c0-6.6 5.4-12 12-12h168c6.6 0 12 5.4 12 12zm-12 72H108c-6.6 0-12 5.4-12 12v28c0 6.6 5.4 12 12 12h168c6.6 0 12-5.4 12-12v-28c0-6.6-5.4-12-12-12zm108-188.1V464c0 26.5-21.5 48-48 48H48c-26.5 0-48-21.5-48-48V48C0 21.5 21.5 0 48 0h204.1C264.8 0 277 5.1 286 14.1L369.9 98c9 8.9 14.1 21.2 14.1 33.9zm-128-80V128h76.1L256 51.9zM336 464V176H232c-13.3 0-24-10.7-24-24V48H48v416h288z\"><\/path><\/svg>\t\t\t<\/div>\n\t\t<\/div>\n\t\t\t\t\t\t<\/div>\n\t\t\t\t<\/div>\n\t\t\t\t<\/div>\n\t\t<div class=\"elementor-element elementor-element-0b980a3 e-con-full e-flex e-con e-child\" data-id=\"0b980a3\" data-element_type=\"container\" data-e-type=\"container\" data-settings=\"{&quot;background_background&quot;:&quot;classic&quot;}\">\n\t\t\t\t<div class=\"elementor-element elementor-element-4e6cd89 elementor-widget elementor-widget-heading\" data-id=\"4e6cd89\" data-element_type=\"widget\" data-e-type=\"widget\" data-widget_type=\"heading.default\">\n\t\t\t\t<div class=\"elementor-widget-container\">\n\t\t\t\t\t<h2 class=\"elementor-heading-title elementor-size-default\">Download.txt<\/h2>\t\t\t\t<\/div>\n\t\t\t\t<\/div>\n\t\t\t\t<\/div>\n\t\t\t\t<\/a>\n\t\t\t\t<\/div>\n\t\t<div class=\"elementor-element elementor-element-1d91ec7 e-con-full e-flex e-con e-child\" data-id=\"1d91ec7\" data-element_type=\"container\" data-e-type=\"container\" data-settings=\"{&quot;background_background&quot;:&quot;classic&quot;}\">\n\t\t<div class=\"elementor-element elementor-element-3e29166 e-con-full e-flex e-con e-child\" data-id=\"3e29166\" data-element_type=\"container\" data-e-type=\"container\" data-settings=\"{&quot;background_background&quot;:&quot;classic&quot;}\">\n\t\t\t\t<div class=\"elementor-element elementor-element-614271d elementor-view-stacked elementor-shape-circle elementor-position-block-start elementor-mobile-position-block-start elementor-widget elementor-widget-icon-box\" data-id=\"614271d\" data-element_type=\"widget\" data-e-type=\"widget\" data-widget_type=\"icon-box.default\">\n\t\t\t\t<div class=\"elementor-widget-container\">\n\t\t\t\t\t\t\t<div class=\"elementor-icon-box-wrapper\">\n\n\t\t\t\t\t\t<div class=\"elementor-icon-box-icon\">\n\t\t\t\t<span  class=\"elementor-icon\">\n\t\t\t\t<svg aria-hidden=\"true\" class=\"e-font-icon-svg e-fas-headset\" viewBox=\"0 0 512 512\" xmlns=\"http:\/\/www.w3.org\/2000\/svg\"><path d=\"M192 208c0-17.67-14.33-32-32-32h-16c-35.35 0-64 28.65-64 64v48c0 35.35 28.65 64 64 64h16c17.67 0 32-14.33 32-32V208zm176 144c35.35 0 64-28.65 64-64v-48c0-35.35-28.65-64-64-64h-16c-17.67 0-32 14.33-32 32v112c0 17.67 14.33 32 32 32h16zM256 0C113.18 0 4.58 118.83 0 256v16c0 8.84 7.16 16 16 16h16c8.84 0 16-7.16 16-16v-16c0-114.69 93.31-208 208-208s208 93.31 208 208h-.12c.08 2.43.12 165.72.12 165.72 0 23.35-18.93 42.28-42.28 42.28H320c0-26.51-21.49-48-48-48h-32c-26.51 0-48 21.49-48 48s21.49 48 48 48h181.72c49.86 0 90.28-40.42 90.28-90.28V256C507.42 118.83 398.82 0 256 0z\"><\/path><\/svg>\t\t\t\t<\/span>\n\t\t\t<\/div>\n\t\t\t\n\t\t\t\t\t\t<div class=\"elementor-icon-box-content\">\n\n\t\t\t\t\t\t\t\t\t<h3 class=\"elementor-icon-box-title\">\n\t\t\t\t\t\t<span  >\n\t\t\t\t\t\t\tWie K\u00f6nnen Wir Helfen?\t\t\t\t\t\t<\/span>\n\t\t\t\t\t<\/h3>\n\t\t\t\t\n\t\t\t\t\n\t\t\t<\/div>\n\t\t\t\n\t\t<\/div>\n\t\t\t\t\t\t<\/div>\n\t\t\t\t<\/div>\n\t\t\t\t<div class=\"elementor-element elementor-element-6a2f355 elementor-align-center elementor-icon-list--layout-traditional elementor-list-item-link-full_width elementor-widget elementor-widget-icon-list\" data-id=\"6a2f355\" data-element_type=\"widget\" data-e-type=\"widget\" data-widget_type=\"icon-list.default\">\n\t\t\t\t<div class=\"elementor-widget-container\">\n\t\t\t\t\t\t\t<ul class=\"elementor-icon-list-items\">\n\t\t\t\t\t\t\t<li class=\"elementor-icon-list-item\">\n\t\t\t\t\t\t\t\t\t\t\t<span class=\"elementor-icon-list-icon\">\n\t\t\t\t\t\t\t<i aria-hidden=\"true\" class=\"icon icon-phone-call\"><\/i>\t\t\t\t\t\t<\/span>\n\t\t\t\t\t\t\t\t\t\t<span class=\"elementor-icon-list-text\">+90 542 794 794 6<\/span>\n\t\t\t\t\t\t\t\t\t<\/li>\n\t\t\t\t\t\t\t\t<li class=\"elementor-icon-list-item\">\n\t\t\t\t\t\t\t\t\t\t\t<span class=\"elementor-icon-list-icon\">\n\t\t\t\t\t\t\t<i aria-hidden=\"true\" class=\"icon icon-email1\"><\/i>\t\t\t\t\t\t<\/span>\n\t\t\t\t\t\t\t\t\t\t<span class=\"elementor-icon-list-text\">info@hotforgedbolt.com<\/span>\n\t\t\t\t\t\t\t\t\t<\/li>\n\t\t\t\t\t\t<\/ul>\n\t\t\t\t\t\t<\/div>\n\t\t\t\t<\/div>\n\t\t\t\t<\/div>\n\t\t\t\t<\/div>\n\t\t\t\t<\/div>\n\t\t<div class=\"elementor-element elementor-element-1423ba1 e-con-full e-flex e-con e-child\" data-id=\"1423ba1\" data-element_type=\"container\" data-e-type=\"container\">\n\t\t\t\t<div class=\"elementor-element elementor-element-e1bbaea elementor-widget elementor-widget-image\" data-id=\"e1bbaea\" data-element_type=\"widget\" data-e-type=\"widget\" data-widget_type=\"image.default\">\n\t\t\t\t<div class=\"elementor-widget-container\">\n\t\t\t\t\t\t\t\t\t\t\t\t\t\t\t<img fetchpriority=\"high\" decoding=\"async\" width=\"525\" height=\"525\" src=\"https:\/\/hotforgedbolt.com\/wp-content\/uploads\/2025\/09\/steel2.jpg\" class=\"attachment-large size-large wp-image-8933\" alt=\"\" srcset=\"https:\/\/hotforgedbolt.com\/wp-content\/uploads\/2025\/09\/steel2.jpg 1024w, https:\/\/hotforgedbolt.com\/wp-content\/uploads\/2025\/09\/steel2-300x300.jpg 300w, https:\/\/hotforgedbolt.com\/wp-content\/uploads\/2025\/09\/steel2-150x150.jpg 150w, https:\/\/hotforgedbolt.com\/wp-content\/uploads\/2025\/09\/steel2-768x768.jpg 768w, https:\/\/hotforgedbolt.com\/wp-content\/uploads\/2025\/09\/steel2-70x70.jpg 70w, https:\/\/hotforgedbolt.com\/wp-content\/uploads\/2025\/09\/steel2-370x370.jpg 370w, https:\/\/hotforgedbolt.com\/wp-content\/uploads\/2025\/09\/steel2-140x140.jpg 140w, https:\/\/hotforgedbolt.com\/wp-content\/uploads\/2025\/09\/steel2-90x90.jpg 90w, https:\/\/hotforgedbolt.com\/wp-content\/uploads\/2025\/09\/steel2-170x170.jpg 170w, https:\/\/hotforgedbolt.com\/wp-content\/uploads\/2025\/09\/steel2-348x348.jpg 348w, https:\/\/hotforgedbolt.com\/wp-content\/uploads\/2025\/09\/steel2-100x100.jpg 100w\" sizes=\"(max-width: 525px) 100vw, 525px\" \/>\t\t\t\t\t\t\t\t\t\t\t\t\t\t\t<\/div>\n\t\t\t\t<\/div>\n\t\t\t\t<div class=\"elementor-element elementor-element-0252973 elementor-widget elementor-widget-heading\" data-id=\"0252973\" data-element_type=\"widget\" data-e-type=\"widget\" data-widget_type=\"heading.default\">\n\t\t\t\t<div class=\"elementor-widget-container\">\n\t\t\t\t\t<h4 class=\"elementor-heading-title elementor-size-default\">Stahlindustrie<\/h4>\t\t\t\t<\/div>\n\t\t\t\t<\/div>\n\t\t\t\t<div class=\"elementor-element elementor-element-c8fa178 elementor-widget elementor-widget-text-editor\" data-id=\"c8fa178\" data-element_type=\"widget\" data-e-type=\"widget\" data-widget_type=\"text-editor.default\">\n\t\t\t\t<div class=\"elementor-widget-container\">\n\t\t\t\t\t\t\t\t\t<h4><strong>Warmgeschmiedete Bolzen f\u00fcr die Stahlindustrie: Gew\u00e4hrleistung von Festigkeit, Haltbarkeit und Sicherheit in rauen Umgebungen<\/strong><\/h4>\n<p>In der <b>Stahlindustrie<\/b> sind w\u00e4hrend des gesamten Produktionsprozesses extreme <b>Temperaturen<\/b>, <b>Dr\u00fccke<\/b> und <b>mechanische Kr\u00e4fte<\/b> zu bew\u00e4ltigen. Die in <b>Stahlwerken<\/b>, <b>Hoch\u00f6fen<\/b> und <b>Walzwerken<\/b> verwendeten Anlagen m\u00fcssen mit Bolzen sicher befestigt werden, die diesen anspruchsvollen Bedingungen standhalten. <b>Warmgeschmiedete Bolzen<\/b>sind so konstruiert, dass sie der intensiven Hitze und dem hohen Druck standhalten, die bei der <b>Stahlherstellung<\/b> \u00fcblich sind, und gew\u00e4hrleisten, dass die Maschinen w\u00e4hrend kritischer Produktionsprozesse sicher befestigt und betriebsbereit bleiben.<\/p>\n<p><b>Un\u00fcbertroffene Festigkeit und Belastbarkeit f\u00fcr die Stahlherstellung<\/b><\/p>\n<p>Warmgeschmiedete Bolzen sind aufgrund ihrer au\u00dfergew\u00f6hnlichen <b>Festigkeit<\/b> und <b>Belastbarkeit<\/b> in der Stahlindustrie von entscheidender Bedeutung. Diese Bolzen sorgen daf\u00fcr, dass schwere Maschinen und <b>Stahlproduktionslinien<\/b> auch unter schwierigsten Bedingungen ohne Ausf\u00e4lle kontinuierlich betrieben werden k\u00f6nnen. Warmgeschmiedete Bolzen wurden entwickelt, um hohe Industriestandards wie <b>ISO<\/b>, <b>EN<\/b> und <b>DIN<\/b> zu erf\u00fcllen, und sind f\u00fcr die Aufrechterhaltung der <b>Zuverl\u00e4ssigkeit<\/b> und <b>Sicherheit<\/b> der Stahlherstellung unverzichtbar.<\/p>\n<h3><\/h3>\n<p><\/p>\n<h3><b>Die wichtigsten Vorteile von warmgeschmiedeten Bolzen in der Stahlindustrie<\/b>:<\/h3>\n<p><\/p>\n<ul>\n<li><b>\u00dcberragende Festigkeit und Haltbarkeit<\/b>: Warmgeschmiedete Bolzen bieten eine au\u00dfergew\u00f6hnliche Zugfestigkeit und eignen sich daher ideal f\u00fcr den Einsatz in Schwerlastanwendungen in der Stahlindustrie.<\/li>\n<li><b>Hitze- und Druckbest\u00e4ndigkeit<\/b>: Diese Bolzen wurden speziell entwickelt, um den extremen Temperaturen und mechanischen Belastungen in der Stahlproduktion standzuhalten und den kontinuierlichen Betrieb der Anlagen zu gew\u00e4hrleisten.<\/li>\n<li><b>Minimierte Ausfallzeiten<\/b>: Durch die Befestigung von Bauteilen mit hochfesten Bolzen wird das Risiko mechanischer Ausf\u00e4lle verringert, wodurch Ausfallzeiten minimiert und eine effiziente Stahlproduktion gew\u00e4hrleistet werden.<\/li>\n<li><b>Einhaltung von Industriestandards<\/b>: Warmgeschmiedete Bolzen entsprechen den <b>ISO<\/b>-, <b>EN<\/b>&#8211; und <b>DIN-Normen<\/b>und garantieren hohe Leistung und Sicherheit in Stahlproduktionsumgebungen.<\/li>\n<li><b>Erh\u00f6hte Sicherheit<\/b>: Die Langlebigkeit warmgeschmiedeter Bolzen sorgt daf\u00fcr, dass die Anlagen sicher befestigt bleiben, was die allgemeine Sicherheit des Betriebs in Stahlwerken und Produktionslinien erh\u00f6ht.<\/li>\n<\/ul>\n<p><b>Effizienz und Sicherheit in der Stahlherstellung gew\u00e4hrleisten<\/b><\/p>\n<p>In der <b>Stahlindustrie<\/b> ist die Aufrechterhaltung der <b>Integrit\u00e4t der Anlagen<\/b> f\u00fcr den kontinuierlichen Betrieb der Produktionslinien von entscheidender Bedeutung. Warmgeschmiedete Bolzen sind f\u00fcr die Befestigung von Maschinen, Komponenten und Produktionssystemen unerl\u00e4sslich, damit diese extremen Betriebsbedingungen standhalten k\u00f6nnen, ohne die <b>Sicherheit<\/b> oder <b>Effizienz<\/b> zu beeintr\u00e4chtigen.<\/p>\n<p>Durch die Verwendung von <b>warmgeschmiedeten Bolzen<\/b> k\u00f6nnen Stahlhersteller einen reibungslosen Betrieb der Produktionslinien gew\u00e4hrleisten und das Risiko von mechanischen Ausf\u00e4llen und Sicherheitsrisiken verringern. Diese Bolzen sind ein unverzichtbarer Bestandteil des Herstellungsprozesses und tragen zur <b>Langlebigkeit<\/b> und <b>Zuverl\u00e4ssigkeit<\/b> von Stahlproduktionssystemen bei.<\/p>\n\t\t\t\t\t\t\t\t<\/div>\n\t\t\t\t<\/div>\n\t\t\t\t<\/div>\n\t\t\t\t\t<\/div>\n\t\t\t\t<\/div>\n\t\t\t\t<\/div>\n\t\t","protected":false},"excerpt":{"rendered":"<p>Stahlindustrie Industrien Automobilindustrie Energie Sektor \u00d6l-und Gas-Industrie Schwere Maschinen und Bau Luft-Und Raumfahrt-Industrie Stahlindustrie Brochures Download.txt Wie K\u00f6nnen Wir Helfen? +90 542 794 794 6 info@hotforgedbolt.com Stahlindustrie Warmgeschmiedete Bolzen f\u00fcr die Stahlindustrie: Gew\u00e4hrleistung von Festigkeit, Haltbarkeit und Sicherheit in rauen Umgebungen In der Stahlindustrie sind w\u00e4hrend des gesamten Produktionsprozesses extreme Temperaturen, Dr\u00fccke und mechanische Kr\u00e4fte [&hellip;]<\/p>\n","protected":false},"author":1,"featured_media":0,"parent":8868,"menu_order":0,"comment_status":"closed","ping_status":"closed","template":"elementor_header_footer","meta":{"footnotes":""},"class_list":["post-8584","page","type-page","status-publish","hentry"],"_links":{"self":[{"href":"https:\/\/hotforgedbolt.com\/de\/wp-json\/wp\/v2\/pages\/8584","targetHints":{"allow":["GET"]}}],"collection":[{"href":"https:\/\/hotforgedbolt.com\/de\/wp-json\/wp\/v2\/pages"}],"about":[{"href":"https:\/\/hotforgedbolt.com\/de\/wp-json\/wp\/v2\/types\/page"}],"author":[{"embeddable":true,"href":"https:\/\/hotforgedbolt.com\/de\/wp-json\/wp\/v2\/users\/1"}],"replies":[{"embeddable":true,"href":"https:\/\/hotforgedbolt.com\/de\/wp-json\/wp\/v2\/comments?post=8584"}],"version-history":[{"count":4,"href":"https:\/\/hotforgedbolt.com\/de\/wp-json\/wp\/v2\/pages\/8584\/revisions"}],"predecessor-version":[{"id":8936,"href":"https:\/\/hotforgedbolt.com\/de\/wp-json\/wp\/v2\/pages\/8584\/revisions\/8936"}],"up":[{"embeddable":true,"href":"https:\/\/hotforgedbolt.com\/de\/wp-json\/wp\/v2\/pages\/8868"}],"wp:attachment":[{"href":"https:\/\/hotforgedbolt.com\/de\/wp-json\/wp\/v2\/media?parent=8584"}],"curies":[{"name":"wp","href":"https:\/\/api.w.org\/{rel}","templated":true}]}}