{"id":8862,"date":"2024-09-13T20:00:17","date_gmt":"2024-09-13T20:00:17","guid":{"rendered":"https:\/\/hotforgedbolt.com\/ueber-uns\/"},"modified":"2025-09-14T10:29:49","modified_gmt":"2025-09-14T10:29:49","slug":"ueber-uns","status":"publish","type":"page","link":"https:\/\/hotforgedbolt.com\/de\/ueber-uns\/","title":{"rendered":"\u00dcBER UNS"},"content":{"rendered":"\t\t<div data-elementor-type=\"wp-page\" data-elementor-id=\"8862\" class=\"elementor elementor-8862 elementor-4201\" data-elementor-post-type=\"page\">\n\t\t\t\t<div class=\"elementor-element elementor-element-d29a56c e-con-full e-flex e-con e-parent\" data-id=\"d29a56c\" data-element_type=\"container\" data-e-type=\"container\" data-settings=\"{&quot;background_background&quot;:&quot;classic&quot;}\">\n\t\t<div class=\"elementor-element elementor-element-3f90e43 e-flex e-con-boxed e-con e-child\" data-id=\"3f90e43\" data-element_type=\"container\" data-e-type=\"container\">\n\t\t\t\t\t<div class=\"e-con-inner\">\n\t\t\t\t<div class=\"elementor-element elementor-element-9074ac0 elementor-widget elementor-widget-heading\" data-id=\"9074ac0\" data-element_type=\"widget\" data-e-type=\"widget\" data-widget_type=\"heading.default\">\n\t\t\t\t<div class=\"elementor-widget-container\">\n\t\t\t\t\t<h2 class=\"elementor-heading-title elementor-size-default\">\u00dcber uns<\/h2>\t\t\t\t<\/div>\n\t\t\t\t<\/div>\n\t\t\t\t\t<\/div>\n\t\t\t\t<\/div>\n\t\t\t\t<\/div>\n\t\t<div class=\"elementor-element elementor-element-7082eb8 e-flex e-con-boxed e-con e-parent\" data-id=\"7082eb8\" data-element_type=\"container\" data-e-type=\"container\">\n\t\t\t\t\t<div class=\"e-con-inner\">\n\t\t<div class=\"elementor-element elementor-element-37a75e2 e-con-full e-flex e-con e-child\" data-id=\"37a75e2\" data-element_type=\"container\" data-e-type=\"container\">\n\t\t\t\t<div class=\"elementor-element elementor-element-e7b6df4 elementor-widget elementor-widget-heading\" data-id=\"e7b6df4\" data-element_type=\"widget\" data-e-type=\"widget\" data-widget_type=\"heading.default\">\n\t\t\t\t<div class=\"elementor-widget-container\">\n\t\t\t\t\t<h5 class=\"elementor-heading-title elementor-size-default\">\u00dcBER UNS<\/h5>\t\t\t\t<\/div>\n\t\t\t\t<\/div>\n\t\t\t\t<div class=\"elementor-element elementor-element-58525e1 elementor-widget elementor-widget-text-editor\" data-id=\"58525e1\" data-element_type=\"widget\" data-e-type=\"widget\" data-widget_type=\"text-editor.default\">\n\t\t\t\t<div class=\"elementor-widget-container\">\n\t\t\t\t\t\t\t\t\t<p>Bei Hotforgedbolt.com haben wir uns dazu verpflichtet, hochwertige warmgeschmiedete Bolzen anzubieten, die den Anforderungen von Branchen weltweit gerecht werden. Mit einem Fokus auf Langlebigkeit, Festigkeit und Zuverl\u00e4ssigkeit werden unsere warmgeschmiedeten Bolzen in verschiedenen Bereichen eingesetzt, darunter Automobilindustrie, Energie, \u00d6l und Gas, Bauwesen und Luft- und Raumfahrt. Wir sind stolz darauf, Befestigungselemente herzustellen, die internationalen Standards wie ISO-, EN- und DIN-Zertifizierungen entsprechen und ein H\u00f6chstma\u00df an Qualit\u00e4t und Sicherheit gew\u00e4hrleisten.<br \/>Seit unserer Gr\u00fcndung haben wir uns durch innovative L\u00f6sungen und au\u00dfergew\u00f6hnlichen Kundenservice einen hervorragenden Ruf erarbeitet. Unser Expertenteam widmet sich der Herstellung von Verbindungselementen, die selbst unter anspruchsvollsten Bedingungen eine hervorragende Leistung erbringen. Ganz gleich, ob Sie Verbindungselemente f\u00fcr Schwermaschinen, Energiesysteme oder Luft- und Raumfahrtanwendungen ben\u00f6tigen, Sie k\u00f6nnen sich darauf verlassen, dass Hotforgedbolt.com Ihnen Produkte liefert, die Ihre Erwartungen \u00fcbertreffen.<\/p>\n\t\t\t\t\t\t\t\t<\/div>\n\t\t\t\t<\/div>\n\t\t\t\t<\/div>\n\t\t<div class=\"elementor-element elementor-element-2f5af69 e-con-full e-flex e-con e-child\" data-id=\"2f5af69\" data-element_type=\"container\" data-e-type=\"container\">\n\t\t\t\t<div class=\"elementor-element elementor-element-e7f06de elementor-widget elementor-widget-image\" data-id=\"e7f06de\" data-element_type=\"widget\" data-e-type=\"widget\" data-widget_type=\"image.default\">\n\t\t\t\t<div class=\"elementor-widget-container\">\n\t\t\t\t\t\t\t\t\t\t\t\t\t\t\t<img decoding=\"async\" src=\"https:\/\/hotforgedbolt.com\/wp-content\/uploads\/elementor\/thumbs\/1920x1080-raxio9p1epvhjqo3p1ariaoqkai3hh1o28ln99905w.jpg\" title=\"1920&#215;1080\" alt=\"1920x1080\" loading=\"lazy\" \/>\t\t\t\t\t\t\t\t\t\t\t\t\t\t\t<\/div>\n\t\t\t\t<\/div>\n\t\t\t\t<div class=\"elementor-element elementor-element-de28fe2 e-transform float-image elementor-hidden-mobile elementor-widget elementor-widget-image\" data-id=\"de28fe2\" data-element_type=\"widget\" data-e-type=\"widget\" data-settings=\"{&quot;_transform_translateX_effect&quot;:{&quot;unit&quot;:&quot;px&quot;,&quot;size&quot;:-100,&quot;sizes&quot;:[]},&quot;_transform_translateY_effect&quot;:{&quot;unit&quot;:&quot;px&quot;,&quot;size&quot;:-299,&quot;sizes&quot;:[]},&quot;_transform_translateX_effect_laptop&quot;:{&quot;unit&quot;:&quot;px&quot;,&quot;size&quot;:&quot;&quot;,&quot;sizes&quot;:[]},&quot;_transform_translateX_effect_tablet&quot;:{&quot;unit&quot;:&quot;px&quot;,&quot;size&quot;:&quot;&quot;,&quot;sizes&quot;:[]},&quot;_transform_translateX_effect_mobile&quot;:{&quot;unit&quot;:&quot;px&quot;,&quot;size&quot;:&quot;&quot;,&quot;sizes&quot;:[]},&quot;_transform_translateY_effect_laptop&quot;:{&quot;unit&quot;:&quot;px&quot;,&quot;size&quot;:&quot;&quot;,&quot;sizes&quot;:[]},&quot;_transform_translateY_effect_tablet&quot;:{&quot;unit&quot;:&quot;px&quot;,&quot;size&quot;:&quot;&quot;,&quot;sizes&quot;:[]},&quot;_transform_translateY_effect_mobile&quot;:{&quot;unit&quot;:&quot;px&quot;,&quot;size&quot;:&quot;&quot;,&quot;sizes&quot;:[]}}\" data-widget_type=\"image.default\">\n\t\t\t\t<div class=\"elementor-widget-container\">\n\t\t\t\t\t\t\t\t\t\t\t\t\t\t\t<img decoding=\"async\" src=\"https:\/\/hotforgedbolt.com\/wp-content\/uploads\/elementor\/thumbs\/100_0237-scaled-1-qurnluinvqog4reh874g8ddracxnqs8lgc966dcmqo.jpg\" title=\"100_0237-scaled\" alt=\"100_0237-scaled\" loading=\"lazy\" \/>\t\t\t\t\t\t\t\t\t\t\t\t\t\t\t<\/div>\n\t\t\t\t<\/div>\n\t\t\t\t<\/div>\n\t\t\t\t\t<\/div>\n\t\t\t\t<\/div>\n\t\t<div class=\"elementor-element elementor-element-61e185b e-flex e-con-boxed e-con e-parent\" data-id=\"61e185b\" data-element_type=\"container\" data-e-type=\"container\">\n\t\t\t\t\t<div class=\"e-con-inner\">\n\t\t<div class=\"elementor-element elementor-element-d40edc4 e-con-full e-flex e-con e-child\" data-id=\"d40edc4\" data-element_type=\"container\" data-e-type=\"container\">\n\t\t<div class=\"elementor-element elementor-element-15b5394 e-flex e-con-boxed e-con e-child\" data-id=\"15b5394\" data-element_type=\"container\" data-e-type=\"container\">\n\t\t\t\t\t<div class=\"e-con-inner\">\n\t\t<div class=\"elementor-element elementor-element-5ae4fb2 e-con-full e-flex e-con e-child\" data-id=\"5ae4fb2\" data-element_type=\"container\" data-e-type=\"container\">\n\t\t\t\t<div class=\"elementor-element elementor-element-c3801ab elementor-widget elementor-widget-heading\" data-id=\"c3801ab\" data-element_type=\"widget\" data-e-type=\"widget\" data-widget_type=\"heading.default\">\n\t\t\t\t<div class=\"elementor-widget-container\">\n\t\t\t\t\t<h4 class=\"elementor-heading-title elementor-size-default\">Unsere Mission<\/h4>\t\t\t\t<\/div>\n\t\t\t\t<\/div>\n\t\t\t\t<div class=\"elementor-element elementor-element-37185f5 elementor-widget__width-inherit elementor-widget elementor-widget-text-editor\" data-id=\"37185f5\" data-element_type=\"widget\" data-e-type=\"widget\" data-widget_type=\"text-editor.default\">\n\t\t\t\t<div class=\"elementor-widget-container\">\n\t\t\t\t\t\t\t\t\t<p>Unsere Mission bei Hotforgedbolt.com ist es, hochwertige warmgeschmiedete Schrauben zu liefern, die die Sicherheit, Zuverl\u00e4ssigkeit und Leistung von Industriesystemen auf der ganzen Welt gew\u00e4hrleisten. Wir sind bestrebt, Befestigungselemente herzustellen, die den h\u00e4rtesten Bedingungen standhalten und unseren Kunden einen au\u00dfergew\u00f6hnlichen Mehrwert bieten. Durch die Einhaltung strenger Industriestandards wollen wir der bevorzugte Lieferant f\u00fcr Branchen sein, die hochleistungsf\u00e4hige Befestigungsl\u00f6sungen ben\u00f6tigen.<br \/>Wir sind bestrebt, uns kontinuierlich zu verbessern und Produkte anzubieten, die globale Standards nicht nur erf\u00fcllen, sondern \u00fcbertreffen. Unser Ziel ist es, langfristige Beziehungen zu unseren Kunden aufzubauen und sicherzustellen, dass jedes von uns angebotene Produkt ihnen hilft, ihre Ziele effizient und sicher zu erreichen. Im Mittelpunkt unserer Mission steht die Verpflichtung, Produkte zu liefern, die einen positiven Einfluss auf die von uns bedienten Branchen haben.<\/p>\n\t\t\t\t\t\t\t\t<\/div>\n\t\t\t\t<\/div>\n\t\t\t\t<\/div>\n\t\t\t\t\t<\/div>\n\t\t\t\t<\/div>\n\t\t<div class=\"elementor-element elementor-element-ae3098b e-con-full e-flex e-con e-child\" data-id=\"ae3098b\" data-element_type=\"container\" data-e-type=\"container\">\n\t\t<div class=\"elementor-element elementor-element-da2c588 e-con-full e-flex e-con e-child\" data-id=\"da2c588\" data-element_type=\"container\" data-e-type=\"container\">\n\t\t\t\t<div class=\"elementor-element elementor-element-eafdc73 elementor-widget elementor-widget-heading\" data-id=\"eafdc73\" data-element_type=\"widget\" data-e-type=\"widget\" data-widget_type=\"heading.default\">\n\t\t\t\t<div class=\"elementor-widget-container\">\n\t\t\t\t\t<h4 class=\"elementor-heading-title elementor-size-default\">Unsere Vision<\/h4>\t\t\t\t<\/div>\n\t\t\t\t<\/div>\n\t\t\t\t<div class=\"elementor-element elementor-element-f23f2b8 elementor-widget__width-initial elementor-widget elementor-widget-text-editor\" data-id=\"f23f2b8\" data-element_type=\"widget\" data-e-type=\"widget\" data-widget_type=\"text-editor.default\">\n\t\t\t\t<div class=\"elementor-widget-container\">\n\t\t\t\t\t\t\t\t\t<p>Unsere Vision ist es, weltweit der f\u00fchrende Anbieter von warmgeschmiedeten Bolzen zu sein, der f\u00fcr sein unersch\u00fctterliches Engagement f\u00fcr Qualit\u00e4t, Innovation und Kundenzufriedenheit bekannt ist. Wir streben danach, den Industriestandard f\u00fcr Hochleistungsbefestigungen zu setzen, die in einer Vielzahl kritischer Anwendungen zum Einsatz kommen, von der Automobil- und Luftfahrtindustrie bis hin zur Energie- und Bauindustrie.<br \/>Wir wollen uns kontinuierlich weiterentwickeln, indem wir technologische Fortschritte und Branchentrends aufgreifen und sicherstellen, dass unsere Produkte in Bezug auf Leistung und Zuverl\u00e4ssigkeit an der Spitze bleiben. Durch unser Streben nach Exzellenz wollen wir zum vertrauensw\u00fcrdigen Partner f\u00fcr Unternehmen werden, die hochwertige Befestigungsl\u00f6sungen ben\u00f6tigen, die sich langfristig bew\u00e4hren.<\/p>\n\t\t\t\t\t\t\t\t<\/div>\n\t\t\t\t<\/div>\n\t\t\t\t<\/div>\n\t\t\t\t<\/div>\n\t\t\t\t<\/div>\n\t\t\t\t\t<\/div>\n\t\t\t\t<\/div>\n\t\t<div class=\"elementor-element elementor-element-8c21593 e-con-full e-flex e-con e-parent\" data-id=\"8c21593\" data-element_type=\"container\" data-e-type=\"container\" data-settings=\"{&quot;background_background&quot;:&quot;classic&quot;}\">\n\t\t<div class=\"elementor-element elementor-element-d1f191d e-con-full e-flex e-con e-child\" data-id=\"d1f191d\" data-element_type=\"container\" data-e-type=\"container\">\n\t\t\t\t<div class=\"elementor-element elementor-element-bf9459c elementor-widget elementor-widget-heading\" data-id=\"bf9459c\" data-element_type=\"widget\" data-e-type=\"widget\" data-widget_type=\"heading.default\">\n\t\t\t\t<div class=\"elementor-widget-container\">\n\t\t\t\t\t<h2 class=\"elementor-heading-title elementor-size-default\">\u00dcber uns<\/h2>\t\t\t\t<\/div>\n\t\t\t\t<\/div>\n\t\t\t\t<\/div>\n\t\t\t\t<\/div>\n\t\t<div class=\"elementor-element elementor-element-5a04c0e e-con-full e-flex e-con e-parent\" data-id=\"5a04c0e\" data-element_type=\"container\" data-e-type=\"container\" data-settings=\"{&quot;background_background&quot;:&quot;classic&quot;}\">\n\t\t<div class=\"elementor-element elementor-element-cc9bb73 e-flex e-con-boxed e-con e-child\" data-id=\"cc9bb73\" data-element_type=\"container\" data-e-type=\"container\">\n\t\t\t\t\t<div class=\"e-con-inner\">\n\t\t<div class=\"elementor-element elementor-element-ac93ee7 e-con-full e-flex e-con e-child\" data-id=\"ac93ee7\" data-element_type=\"container\" data-e-type=\"container\">\n\t\t\t\t<div class=\"elementor-element elementor-element-9d43f3f elementor-widget elementor-widget-heading\" data-id=\"9d43f3f\" data-element_type=\"widget\" data-e-type=\"widget\" data-widget_type=\"heading.default\">\n\t\t\t\t<div class=\"elementor-widget-container\">\n\t\t\t\t\t<h4 class=\"elementor-heading-title elementor-size-default\">Unsere Werte<\/h4>\t\t\t\t<\/div>\n\t\t\t\t<\/div>\n\t\t\t\t<div class=\"elementor-element elementor-element-4dce5ac elementor-widget elementor-widget-text-editor\" data-id=\"4dce5ac\" data-element_type=\"widget\" data-e-type=\"widget\" data-widget_type=\"text-editor.default\">\n\t\t\t\t<div class=\"elementor-widget-container\">\n\t\t\t\t\t\t\t\t\t<p>Bei Hotforgedbolt.com bestimmen unsere Grundwerte alles, was wir tun. Diese Werte pr\u00e4gen unsere Beziehungen zu Kunden, Partnern und Mitarbeitern und helfen uns dabei, au\u00dfergew\u00f6hnliche Produkte und Dienstleistungen anzubieten.<\/p>\n\t\t\t\t\t\t\t\t<\/div>\n\t\t\t\t<\/div>\n\t\t<div class=\"elementor-element elementor-element-b0e3e30 e-con-full e-flex e-con e-child\" data-id=\"b0e3e30\" data-element_type=\"container\" data-e-type=\"container\">\n\t\t<div class=\"elementor-element elementor-element-eb9d078 e-con-full e-flex e-con e-child\" data-id=\"eb9d078\" data-element_type=\"container\" data-e-type=\"container\">\n\t\t\t\t<div class=\"elementor-element elementor-element-30320cd ekit-equal-height-enable elementor-widget elementor-widget-elementskit-icon-box\" data-id=\"30320cd\" data-element_type=\"widget\" data-e-type=\"widget\" data-widget_type=\"elementskit-icon-box.default\">\n\t\t\t\t<div class=\"elementor-widget-container\">\n\t\t\t\t\t<div class=\"ekit-wid-con\" >        <!-- link opening -->\n                <!-- end link opening -->\n\n        <div class=\"elementskit-infobox text-center text- icon-top-align elementor-animation-float  gradient-active  hover_from_top\">\n                    <div class=\"elementskit-box-header elementor-animation-\">\n                <div class=\"elementskit-info-box-icon  \">\n                    <i aria-hidden=\"true\" class=\"elementkit-infobox-icon icon icon-trolley-2\"><\/i>\n                <\/div>\n          <\/div>\n                        <div class=\"box-body\">\n                            <h3 class=\"elementskit-info-box-title\">\n                    Qualit\u00e4t an erster Stelle                <\/h3>\n                        \t\t  \t<p>Wir glauben daran, Produkte anzubieten, die den h\u00f6chsten Qualit\u00e4tsstandards entsprechen. Unsere warmgeschmiedeten Bolzen werden unter Verwendung der besten Materialien und Verfahren hergestellt, um sicherzustellen, dass sie in anspruchsvollen Umgebungen optimal funktionieren. Wir sind bestrebt, bei jedem Produkt, das wir herstellen, eine gleichbleibende Qualit\u00e4t zu liefern.<\/p>\n                                <\/div>\n        \n        \n                <\/div>\n        <\/div>\t\t\t\t<\/div>\n\t\t\t\t<\/div>\n\t\t\t\t<\/div>\n\t\t<div class=\"elementor-element elementor-element-573ac31 e-con-full e-flex e-con e-child\" data-id=\"573ac31\" data-element_type=\"container\" data-e-type=\"container\">\n\t\t\t\t<div class=\"elementor-element elementor-element-9b68d3f ekit-equal-height-enable elementor-widget elementor-widget-elementskit-icon-box\" data-id=\"9b68d3f\" data-element_type=\"widget\" data-e-type=\"widget\" data-widget_type=\"elementskit-icon-box.default\">\n\t\t\t\t<div class=\"elementor-widget-container\">\n\t\t\t\t\t<div class=\"ekit-wid-con\" >        <!-- link opening -->\n                <!-- end link opening -->\n\n        <div class=\"elementskit-infobox text-center text- icon-top-align elementor-animation-float  gradient-active  hover_from_top\">\n                    <div class=\"elementskit-box-header elementor-animation-\">\n                <div class=\"elementskit-info-box-icon  \">\n                    <i aria-hidden=\"true\" class=\"elementkit-infobox-icon icon icon-dropbox-2\"><\/i>\n                <\/div>\n          <\/div>\n                        <div class=\"box-body\">\n                            <h3 class=\"elementskit-info-box-title\">\n                    Innovation                <\/h3>\n                        \t\t  \t<p>Wir engagieren uns f\u00fcr Innovationen sowohl in der Produktentwicklung als auch in den Fertigungsprozessen. Indem wir den Branchentrends immer einen Schritt voraus sind und neue Technologien nutzen, bieten wir weiterhin modernste Befestigungsl\u00f6sungen, die den sich st\u00e4ndig \u00e4ndernden Anforderungen der von uns bedienten Branchen gerecht werden.<\/p>\n                                <\/div>\n        \n        \n                <\/div>\n        <\/div>\t\t\t\t<\/div>\n\t\t\t\t<\/div>\n\t\t\t\t<\/div>\n\t\t<div class=\"elementor-element elementor-element-5acb1d2 e-con-full e-flex e-con e-child\" data-id=\"5acb1d2\" data-element_type=\"container\" data-e-type=\"container\">\n\t\t\t\t<div class=\"elementor-element elementor-element-7a2e8d7 ekit-equal-height-enable elementor-widget elementor-widget-elementskit-icon-box\" data-id=\"7a2e8d7\" data-element_type=\"widget\" data-e-type=\"widget\" data-widget_type=\"elementskit-icon-box.default\">\n\t\t\t\t<div class=\"elementor-widget-container\">\n\t\t\t\t\t<div class=\"ekit-wid-con\" >        <!-- link opening -->\n                <!-- end link opening -->\n\n        <div class=\"elementskit-infobox text-center text- icon-top-align elementor-animation-float  gradient-active  hover_from_top\">\n                    <div class=\"elementskit-box-header elementor-animation-\">\n                <div class=\"elementskit-info-box-icon  \">\n                    <i aria-hidden=\"true\" class=\"elementkit-infobox-icon icon icon-shield1\"><\/i>\n                <\/div>\n          <\/div>\n                        <div class=\"box-body\">\n                            <h3 class=\"elementskit-info-box-title\">\n                    Kundenzufriedenheit                <\/h3>\n                        \t\t  \t<p>Unsere Kunden stehen im Mittelpunkt unseres Handelns. Wir arbeiten eng mit jedem Kunden zusammen, um seine spezifischen Bed\u00fcrfnisse zu verstehen und ma\u00dfgeschneiderte L\u00f6sungen anzubieten, die seine Erwartungen \u00fcbertreffen. Wir legen gr\u00f6\u00dften Wert auf einen au\u00dfergew\u00f6hnlichen Kundenservice und sorgen daf\u00fcr, dass jede Interaktion mit Hotforgedbolt.com positiv und produktiv ist.<\/p>\n                                <\/div>\n        \n        \n                <\/div>\n        <\/div>\t\t\t\t<\/div>\n\t\t\t\t<\/div>\n\t\t\t\t<\/div>\n\t\t\t\t<\/div>\n\t\t\t\t<\/div>\n\t\t<div class=\"elementor-element elementor-element-9a5434f e-con-full e-flex e-con e-child\" data-id=\"9a5434f\" data-element_type=\"container\" data-e-type=\"container\">\n\t\t<div class=\"elementor-element elementor-element-e34429a e-con-full e-flex e-con e-child\" data-id=\"e34429a\" data-element_type=\"container\" data-e-type=\"container\">\n\t\t<div class=\"elementor-element elementor-element-4f44802 e-con-full e-flex e-con e-child\" data-id=\"4f44802\" data-element_type=\"container\" data-e-type=\"container\">\n\t\t\t\t<div class=\"elementor-element elementor-element-74b937b ekit-equal-height-enable elementor-widget elementor-widget-elementskit-icon-box\" data-id=\"74b937b\" data-element_type=\"widget\" data-e-type=\"widget\" data-widget_type=\"elementskit-icon-box.default\">\n\t\t\t\t<div class=\"elementor-widget-container\">\n\t\t\t\t\t<div class=\"ekit-wid-con\" >        <!-- link opening -->\n                <!-- end link opening -->\n\n        <div class=\"elementskit-infobox text-center text- icon-top-align elementor-animation-float  gradient-active  hover_from_top\">\n                    <div class=\"elementskit-box-header elementor-animation-\">\n                <div class=\"elementskit-info-box-icon  \">\n                    <i aria-hidden=\"true\" class=\"elementkit-infobox-icon icon icon-trolley-2\"><\/i>\n                <\/div>\n          <\/div>\n                        <div class=\"box-body\">\n                            <h3 class=\"elementskit-info-box-title\">\n                    Integrit\u00e4t                <\/h3>\n                        \t\t  \t<p>Wir handeln in allen Bereichen unseres Gesch\u00e4fts mit Integrit\u00e4t und Transparenz. Von der Qualit\u00e4t unserer Produkte bis hin zu unseren Kundenbeziehungen halten wir uns an die h\u00f6chsten ethischen Standards und glauben daran, Vertrauen zu unseren Kunden und Partnern aufzubauen.<\/p>\n                                <\/div>\n        \n        \n                <\/div>\n        <\/div>\t\t\t\t<\/div>\n\t\t\t\t<\/div>\n\t\t\t\t<\/div>\n\t\t<div class=\"elementor-element elementor-element-9cdec94 e-con-full e-flex e-con e-child\" data-id=\"9cdec94\" data-element_type=\"container\" data-e-type=\"container\">\n\t\t\t\t<div class=\"elementor-element elementor-element-ffc0022 ekit-equal-height-enable elementor-widget elementor-widget-elementskit-icon-box\" data-id=\"ffc0022\" data-element_type=\"widget\" data-e-type=\"widget\" data-widget_type=\"elementskit-icon-box.default\">\n\t\t\t\t<div class=\"elementor-widget-container\">\n\t\t\t\t\t<div class=\"ekit-wid-con\" >        <!-- link opening -->\n                <!-- end link opening -->\n\n        <div class=\"elementskit-infobox text-center text- icon-top-align elementor-animation-float  gradient-active  hover_from_top\">\n                    <div class=\"elementskit-box-header elementor-animation-\">\n                <div class=\"elementskit-info-box-icon  \">\n                    <i aria-hidden=\"true\" class=\"elementkit-infobox-icon icon icon-dropbox-2\"><\/i>\n                <\/div>\n          <\/div>\n                        <div class=\"box-body\">\n                            <h3 class=\"elementskit-info-box-title\">\n                    Zuverl\u00e4ssigkeit                <\/h3>\n                        \t\t  \t<p>Zuverl\u00e4ssigkeit ist der Schl\u00fcssel zu unserem Erfolg. Wir wissen, dass die Branchen, die wir beliefern, auf die Festigkeit und Langlebigkeit unserer Produkte angewiesen sind. Deshalb stellen wir sicher, dass jeder von uns hergestellte warmgeschmiedete Bolzen die zuverl\u00e4ssige Leistung bietet, die unsere Kunden ben\u00f6tigen, um einen reibungslosen Betrieb zu gew\u00e4hrleisten.<\/p>\n                                <\/div>\n        \n        \n                <\/div>\n        <\/div>\t\t\t\t<\/div>\n\t\t\t\t<\/div>\n\t\t\t\t<\/div>\n\t\t<div class=\"elementor-element elementor-element-e59de50 e-con-full e-flex e-con e-child\" data-id=\"e59de50\" data-element_type=\"container\" data-e-type=\"container\">\n\t\t\t\t<div class=\"elementor-element elementor-element-670c8cf ekit-equal-height-enable elementor-widget elementor-widget-elementskit-icon-box\" data-id=\"670c8cf\" data-element_type=\"widget\" data-e-type=\"widget\" data-widget_type=\"elementskit-icon-box.default\">\n\t\t\t\t<div class=\"elementor-widget-container\">\n\t\t\t\t\t<div class=\"ekit-wid-con\" >        <!-- link opening -->\n                <!-- end link opening -->\n\n        <div class=\"elementskit-infobox text-center text- icon-top-align elementor-animation-float  gradient-active  hover_from_top\">\n                    <div class=\"elementskit-box-header elementor-animation-\">\n                <div class=\"elementskit-info-box-icon  \">\n                    <i aria-hidden=\"true\" class=\"elementkit-infobox-icon icon icon-shield1\"><\/i>\n                <\/div>\n          <\/div>\n                        <div class=\"box-body\">\n                            <h3 class=\"elementskit-info-box-title\">\n                    Nachhaltigkeit                <\/h3>\n                        \t\t  \t<p>Wir verpflichten uns zu nachhaltigen Praktiken, die unsere Auswirkungen auf die Umwelt minimieren. Durch die Verwendung umweltfreundlicher Materialien und die Optimierung unserer Produktionsprozesse m\u00f6chten wir zu einer gr\u00fcneren, nachhaltigeren Zukunft f\u00fcr die Branchen beitragen, die wir bedienen.<\/p>\n                                <\/div>\n        \n        \n                <\/div>\n        <\/div>\t\t\t\t<\/div>\n\t\t\t\t<\/div>\n\t\t\t\t<\/div>\n\t\t\t\t<\/div>\n\t\t\t\t<\/div>\n\t\t\t\t\t<\/div>\n\t\t\t\t<\/div>\n\t\t\t\t<\/div>\n\t\t\t\t<\/div>\n\t\t","protected":false},"excerpt":{"rendered":"<p>\u00dcber uns \u00dcBER UNS Bei Hotforgedbolt.com haben wir uns dazu verpflichtet, hochwertige warmgeschmiedete Bolzen anzubieten, die den Anforderungen von Branchen weltweit gerecht werden. Mit einem Fokus auf Langlebigkeit, Festigkeit und Zuverl\u00e4ssigkeit werden unsere warmgeschmiedeten Bolzen in verschiedenen Bereichen eingesetzt, darunter Automobilindustrie, Energie, \u00d6l und Gas, Bauwesen und Luft- und Raumfahrt. Wir sind stolz darauf, Befestigungselemente [&hellip;]<\/p>\n","protected":false},"author":1,"featured_media":0,"parent":0,"menu_order":0,"comment_status":"closed","ping_status":"closed","template":"elementor_header_footer","meta":{"footnotes":""},"class_list":["post-8862","page","type-page","status-publish","hentry"],"_links":{"self":[{"href":"https:\/\/hotforgedbolt.com\/de\/wp-json\/wp\/v2\/pages\/8862","targetHints":{"allow":["GET"]}}],"collection":[{"href":"https:\/\/hotforgedbolt.com\/de\/wp-json\/wp\/v2\/pages"}],"about":[{"href":"https:\/\/hotforgedbolt.com\/de\/wp-json\/wp\/v2\/types\/page"}],"author":[{"embeddable":true,"href":"https:\/\/hotforgedbolt.com\/de\/wp-json\/wp\/v2\/users\/1"}],"replies":[{"embeddable":true,"href":"https:\/\/hotforgedbolt.com\/de\/wp-json\/wp\/v2\/comments?post=8862"}],"version-history":[{"count":1,"href":"https:\/\/hotforgedbolt.com\/de\/wp-json\/wp\/v2\/pages\/8862\/revisions"}],"predecessor-version":[{"id":8864,"href":"https:\/\/hotforgedbolt.com\/de\/wp-json\/wp\/v2\/pages\/8862\/revisions\/8864"}],"wp:attachment":[{"href":"https:\/\/hotforgedbolt.com\/de\/wp-json\/wp\/v2\/media?parent=8862"}],"curies":[{"name":"wp","href":"https:\/\/api.w.org\/{rel}","templated":true}]}}